{"id":88,"date":"2017-03-16T06:21:29","date_gmt":"2017-03-16T06:21:29","guid":{"rendered":"http:\/\/smartdata.tonytemplates.com\/computer-repair\/?page_id=88"},"modified":"2024-10-13T21:28:18","modified_gmt":"2024-10-13T20:28:18","slug":"kontakt","status":"publish","type":"page","link":"https:\/\/krisfix.de\/en\/kontakt\/","title":{"rendered":"Contact us"},"content":{"rendered":"<div class=\"vc_row wpb_row vc_row-fluid\"><div class=\"wpb_column vc_column_container vc_col-sm-12\"><div class=\"vc_column-inner\"><div class=\"wpb_wrapper\">\n\t<div class=\"wpb_text_column wpb_content_element\" >\n\t\t<div class=\"wpb_wrapper\">\n\t\t\t<h1 class=\"h-lg text-center\">Contact\u00a0<span class=\"color\">Us<\/span><\/h1>\n\n\t\t<\/div>\n\t<\/div>\n<div class=\"vc_separator wpb_content_element vc_separator_align_center vc_sep_width_100 vc_sep_pos_align_center vc_separator_no_text vc_sep_color_grey\" ><span class=\"vc_sep_holder vc_sep_holder_l\"><span  class=\"vc_sep_line\"><\/span><\/span><span class=\"vc_sep_holder vc_sep_holder_r\"><span  class=\"vc_sep_line\"><\/span><\/span>\n<\/div><div class=\"vc_btn3-container vc_btn3-center\" ><a class=\"vc_general vc_btn3 vc_btn3-size-lg vc_btn3-shape-rounded vc_btn3-style-modern vc_btn3-block vc_btn3-icon-left vc_btn3-color-success\" href=\"https:\/\/krisfix.de\/en\/#faq\" title=\"Visit FAQ section\"><i class=\"vc_btn3-icon fas fa-question-circle\"><\/i> Visit FAQ section<\/a><\/div><\/div><\/div><\/div><\/div><div class=\"vc_row wpb_row vc_row-fluid\"><div class=\"wpb_column vc_column_container vc_col-sm-3\"><div class=\"vc_column-inner\"><div class=\"wpb_wrapper\">\n\t<div  class=\"wpb_single_image wpb_content_element vc_align_center\">\n\t\t\n\t\t<figure class=\"wpb_wrapper vc_figure\">\n\t\t\t<div class=\"vc_single_image-wrapper   vc_box_border_grey\"><img loading=\"lazy\" decoding=\"async\" width=\"300\" height=\"176\" src=\"https:\/\/krisfix.de\/wp-content\/uploads\/2018\/06\/img-index-01-300x176.jpg\" class=\"vc_single_image-img attachment-medium\" alt=\"\" srcset=\"https:\/\/krisfix.de\/wp-content\/uploads\/2018\/06\/img-index-01-300x176.jpg 300w, https:\/\/krisfix.de\/wp-content\/uploads\/2018\/06\/img-index-01-600x351.jpg 600w, https:\/\/krisfix.de\/wp-content\/uploads\/2018\/06\/img-index-01-1024x600.jpg 1024w, https:\/\/krisfix.de\/wp-content\/uploads\/2018\/06\/img-index-01-768x450.jpg 768w, https:\/\/krisfix.de\/wp-content\/uploads\/2018\/06\/img-index-01-268x157.jpg 268w, https:\/\/krisfix.de\/wp-content\/uploads\/2018\/06\/img-index-01.jpg 1045w\" sizes=\"auto, (max-width: 300px) 100vw, 300px\" \/><\/div>\n\t\t<\/figure>\n\t<\/div>\n\n\t<div class=\"wpb_text_column wpb_content_element  vc_custom_1728768769699\" >\n\t\t<div class=\"wpb_wrapper\">\n\t\t\t<p><strong>If you have any questions or need more information, we are always here to help you.<\/strong><\/p>\n<p><strong>Our customer support hours are Monday to Friday from 10am to 3pm UTC+02:00. Saturday and Sunday we are closed.<\/strong><\/p>\n\n\t\t<\/div>\n\t<\/div>\n<\/div><\/div><\/div><div class=\"wpb_column vc_column_container vc_col-sm-9\"><div class=\"vc_column-inner\"><div class=\"wpb_wrapper\">\n<div class=\"wpcf7 no-js\" id=\"wpcf7-f2214-o1\" lang=\"en-US\" dir=\"ltr\" data-wpcf7-id=\"2214\">\n<div class=\"screen-reader-response\"><p role=\"status\" aria-live=\"polite\" aria-atomic=\"true\"><\/p> <ul><\/ul><\/div>\n<form action=\"\/en\/wp-json\/wp\/v2\/pages\/88#wpcf7-f2214-o1\" method=\"post\" class=\"wpcf7-form init\" aria-label=\"Contact form\" novalidate=\"novalidate\" data-status=\"init\" data-trp-original-action=\"\/en\/wp-json\/wp\/v2\/pages\/88#wpcf7-f2214-o1\">\n<fieldset class=\"hidden-fields-container\"><input type=\"hidden\" name=\"_wpcf7\" value=\"2214\" \/><input type=\"hidden\" name=\"_wpcf7_version\" value=\"6.1\" \/><input type=\"hidden\" name=\"_wpcf7_locale\" value=\"en_US\" \/><input type=\"hidden\" name=\"_wpcf7_unit_tag\" value=\"wpcf7-f2214-o1\" \/><input type=\"hidden\" name=\"_wpcf7_container_post\" value=\"0\" \/><input type=\"hidden\" name=\"_wpcf7_posted_data_hash\" value=\"\" \/><input type=\"hidden\" name=\"_wpcf7dtx_version\" value=\"5.0.3\" \/><input type=\"hidden\" name=\"redirect_nonce\" value=\"8f1849c474\" \/><input type=\"hidden\" name=\"wpcf7cfpdf_hidden_name\" value=\"document-pdf\" \/><input type=\"hidden\" name=\"wpcf7cfpdf_hidden_reference\" value=\"a632abdd\" \/><input type=\"hidden\" name=\"wpcf7cfpdf_hidden_date\" value=\"04222026\" \/><input type=\"hidden\" name=\"_wpcf7_recaptcha_response\" value=\"\" \/>\n<\/fieldset>\n<input class=\"wpcf7-form-control wpcf7-hidden\" value=\"216.73.217.60\" type=\"hidden\" name=\"ip_address\" \/>\n<div class=\"quote-form\">\n\t<div>\n\t\t<p><span class=\"wpcf7-form-control-wrap\" data-name=\"your-name\"><input size=\"40\" maxlength=\"400\" class=\"wpcf7-form-control wpcf7-text wpcf7-validates-as-required form-control\" aria-required=\"true\" aria-invalid=\"false\" placeholder=\"Name*\" value=\"\" type=\"text\" name=\"your-name\" \/><\/span>\n\t\t<\/p>\n\t<\/div>\n\t<div>\n\t\t<p><span class=\"wpcf7-form-control-wrap\" data-name=\"your-email\"><input size=\"40\" maxlength=\"400\" class=\"wpcf7-form-control wpcf7-email wpcf7-validates-as-required wpcf7-text wpcf7-validates-as-email form-control\" aria-required=\"true\" aria-invalid=\"false\" placeholder=\"Email*\" value=\"\" type=\"email\" name=\"your-email\" \/><\/span>\n\t\t<\/p>\n\t<\/div>\n\t<div>\n\t\t<p><span class=\"wpcf7-form-control-wrap\" data-name=\"your-phone\"><input size=\"40\" maxlength=\"400\" class=\"wpcf7-form-control wpcf7-text form-control\" aria-invalid=\"false\" placeholder=\"Tel.Number\" value=\"\" type=\"text\" name=\"your-phone\" \/><\/span>\n\t\t<\/p>\n\t<\/div>\n\t<div>\n\t\t<p><span class=\"wpcf7-form-control-wrap\" data-name=\"your-nachricht\"><textarea cols=\"40\" rows=\"10\" maxlength=\"2000\" class=\"wpcf7-form-control wpcf7-textarea wpcf7-validates-as-required form-control\" aria-required=\"true\" aria-invalid=\"false\" placeholder=\"Your message*\" name=\"your-nachricht\"><\/textarea><\/span>\n\t\t<\/p>\n\t<\/div>\n\t<p><span class=\"wpcf7-form-control-wrap\" data-name=\"Datenschutz\"><span class=\"wpcf7-form-control wpcf7-acceptance\"><span class=\"wpcf7-list-item\"><label><input type=\"checkbox\" name=\"Datenschutz\" value=\"1\" aria-invalid=\"false\" \/><span class=\"wpcf7-list-item-label\"><a href=\"\/en\/datenschutzerklarung\/\">I have read and agree with the privacy policy.<\/a><\/span><\/label><\/span><\/span><\/span>\n\t<\/p>\n\t<div>\n\t\t<p><button type=\"submit\" class=\"wpcf7-form-control wpcf7-submit btn\"><span>Send<\/span><i class=\"icon-arrow-triangle\"><\/i><\/button>\n\t\t<\/p>\n\t<\/div>\n\t<p>Fields marked with * are required\n\t<\/p>\n<\/div><p style=\"display: none !important;\" class=\"akismet-fields-container\" data-prefix=\"_wpcf7_ak_\"><label>&#916;<textarea name=\"_wpcf7_ak_hp_textarea\" cols=\"45\" rows=\"8\" maxlength=\"100\"><\/textarea><\/label><input type=\"hidden\" id=\"ak_js_1\" name=\"_wpcf7_ak_js\" value=\"63\"\/><script>document.getElementById( \"ak_js_1\" ).setAttribute( \"value\", ( new Date() ).getTime() );<\/script><\/p><input type='hidden' class='wpcf7-pum' value='{\"closepopup\":false,\"closedelay\":0,\"openpopup\":false,\"openpopup_id\":0}' \/><div class=\"wpcf7-response-output\" aria-hidden=\"true\"><\/div>\n<input type=\"hidden\" name=\"trp-form-language\" value=\"en\"\/><\/form>\n<\/div>\n<\/div><\/div><\/div><\/div><div class=\"vc_row wpb_row vc_row-fluid\"><div class=\"wpb_column vc_column_container vc_col-sm-12\"><div class=\"vc_column-inner\"><div class=\"wpb_wrapper\"><\/div><\/div><\/div><\/div>","protected":false},"excerpt":{"rendered":"KONTAKTIEREN\u00a0SIE UNS FAQ-Bereich besuchen Sollten Sie Fragen haben oder mehr Informationen ben\u00f6tigen, sind wir jederzeit f\u00fcr Sie da und helfen Ihnen gerne weiter. Unsere B\u00fcrozeiten sind Montag bis Freitag von 10 bis 15 Uhr. Samstag und Sonntag haben wir geschlossen. Ich habe die Datenschutzerkl\u00e4rung gelesen und bin damit einverstanden. Senden Mit * gekennzeichnete Felder sind [...]","protected":false},"author":1,"featured_media":0,"parent":0,"menu_order":0,"comment_status":"closed","ping_status":"closed","template":"","meta":{"footnotes":""},"class_list":["post-88","page","type-page","status-publish","hentry"],"yoast_head":"<!-- This site is optimized with the Yoast SEO plugin v27.4 - https:\/\/yoast.com\/product\/yoast-seo-wordpress\/ -->\n<title>Krisfix - Kontakt<\/title>\n<meta name=\"description\" content=\"Sollten Sie Fragen haben oder weitere Informationen ben\u00f6tigen, stehen wir Ihnen gerne zur Verf\u00fcgung unter +49 151 20209398.\" \/>\n<meta name=\"robots\" content=\"index, follow, max-snippet:-1, max-image-preview:large, max-video-preview:-1\" \/>\n<link rel=\"canonical\" href=\"https:\/\/krisfix.de\/en\/kontakt\/\" \/>\n<meta property=\"og:locale\" content=\"en_US\" \/>\n<meta property=\"og:type\" content=\"article\" \/>\n<meta property=\"og:title\" content=\"Krisfix - Kontakt\" \/>\n<meta property=\"og:description\" content=\"Sollten Sie Fragen haben oder weitere Informationen ben\u00f6tigen, stehen wir Ihnen gerne zur Verf\u00fcgung unter +49 151 20209398.\" \/>\n<meta property=\"og:url\" content=\"https:\/\/krisfix.de\/en\/kontakt\/\" \/>\n<meta property=\"og:site_name\" content=\"Krisfix\" \/>\n<meta property=\"article:publisher\" content=\"https:\/\/www.facebook.com\/krisfix.de\" \/>\n<meta property=\"article:modified_time\" content=\"2024-10-13T20:28:18+00:00\" \/>\n<meta name=\"twitter:card\" content=\"summary_large_image\" \/>\n<meta name=\"twitter:site\" content=\"@krisfixde\" \/>\n<meta name=\"twitter:label1\" content=\"Est. reading time\" \/>\n\t<meta name=\"twitter:data1\" content=\"1 minute\" \/>\n<script type=\"application\/ld+json\" class=\"yoast-schema-graph\">{\"@context\":\"https:\\\/\\\/schema.org\",\"@graph\":[{\"@type\":[\"WebPage\",\"ContactPage\"],\"@id\":\"https:\\\/\\\/krisfix.de\\\/kontakt\\\/\",\"url\":\"https:\\\/\\\/krisfix.de\\\/kontakt\\\/\",\"name\":\"Krisfix - Kontakt\",\"isPartOf\":{\"@id\":\"https:\\\/\\\/krisfix.de\\\/#website\"},\"datePublished\":\"2017-03-16T06:21:29+00:00\",\"dateModified\":\"2024-10-13T20:28:18+00:00\",\"description\":\"Sollten Sie Fragen haben oder weitere Informationen ben\u00f6tigen, stehen wir Ihnen gerne zur Verf\u00fcgung unter +49 151 20209398.\",\"breadcrumb\":{\"@id\":\"https:\\\/\\\/krisfix.de\\\/kontakt\\\/#breadcrumb\"},\"inLanguage\":\"en-US\",\"potentialAction\":[{\"@type\":\"ReadAction\",\"target\":[\"https:\\\/\\\/krisfix.de\\\/kontakt\\\/\"]}]},{\"@type\":\"BreadcrumbList\",\"@id\":\"https:\\\/\\\/krisfix.de\\\/kontakt\\\/#breadcrumb\",\"itemListElement\":[{\"@type\":\"ListItem\",\"position\":1,\"name\":\"Home\",\"item\":\"https:\\\/\\\/krisfix.de\\\/\"},{\"@type\":\"ListItem\",\"position\":2,\"name\":\"Kontakt\"}]},{\"@type\":\"WebSite\",\"@id\":\"https:\\\/\\\/krisfix.de\\\/#website\",\"url\":\"https:\\\/\\\/krisfix.de\\\/\",\"name\":\"Krisfix\",\"description\":\"Computer Reparatur\",\"potentialAction\":[{\"@type\":\"SearchAction\",\"target\":{\"@type\":\"EntryPoint\",\"urlTemplate\":\"https:\\\/\\\/krisfix.de\\\/?s={search_term_string}\"},\"query-input\":{\"@type\":\"PropertyValueSpecification\",\"valueRequired\":true,\"valueName\":\"search_term_string\"}}],\"inLanguage\":\"en-US\"}]}<\/script>\n<!-- \/ Yoast SEO plugin. -->","yoast_head_json":{"title":"Krisfix - Kontakt","description":"Sollten Sie Fragen haben oder weitere Informationen ben\u00f6tigen, stehen wir Ihnen gerne zur Verf\u00fcgung unter +49 151 20209398.","robots":{"index":"index","follow":"follow","max-snippet":"max-snippet:-1","max-image-preview":"max-image-preview:large","max-video-preview":"max-video-preview:-1"},"canonical":"https:\/\/krisfix.de\/en\/kontakt\/","og_locale":"en_US","og_type":"article","og_title":"Krisfix - Kontakt","og_description":"Sollten Sie Fragen haben oder weitere Informationen ben\u00f6tigen, stehen wir Ihnen gerne zur Verf\u00fcgung unter +49 151 20209398.","og_url":"https:\/\/krisfix.de\/en\/kontakt\/","og_site_name":"Krisfix","article_publisher":"https:\/\/www.facebook.com\/krisfix.de","article_modified_time":"2024-10-13T20:28:18+00:00","twitter_card":"summary_large_image","twitter_site":"@krisfixde","twitter_misc":{"Est. reading time":"1 minute"},"schema":{"@context":"https:\/\/schema.org","@graph":[{"@type":["WebPage","ContactPage"],"@id":"https:\/\/krisfix.de\/kontakt\/","url":"https:\/\/krisfix.de\/kontakt\/","name":"Krisfix - Kontakt","isPartOf":{"@id":"https:\/\/krisfix.de\/#website"},"datePublished":"2017-03-16T06:21:29+00:00","dateModified":"2024-10-13T20:28:18+00:00","description":"Sollten Sie Fragen haben oder weitere Informationen ben\u00f6tigen, stehen wir Ihnen gerne zur Verf\u00fcgung unter +49 151 20209398.","breadcrumb":{"@id":"https:\/\/krisfix.de\/kontakt\/#breadcrumb"},"inLanguage":"en-US","potentialAction":[{"@type":"ReadAction","target":["https:\/\/krisfix.de\/kontakt\/"]}]},{"@type":"BreadcrumbList","@id":"https:\/\/krisfix.de\/kontakt\/#breadcrumb","itemListElement":[{"@type":"ListItem","position":1,"name":"Home","item":"https:\/\/krisfix.de\/"},{"@type":"ListItem","position":2,"name":"Kontakt"}]},{"@type":"WebSite","@id":"https:\/\/krisfix.de\/#website","url":"https:\/\/krisfix.de\/","name":"Krisfix","description":"Computer Reparatur","potentialAction":[{"@type":"SearchAction","target":{"@type":"EntryPoint","urlTemplate":"https:\/\/krisfix.de\/?s={search_term_string}"},"query-input":{"@type":"PropertyValueSpecification","valueRequired":true,"valueName":"search_term_string"}}],"inLanguage":"en-US"}]}},"_links":{"self":[{"href":"https:\/\/krisfix.de\/en\/wp-json\/wp\/v2\/pages\/88","targetHints":{"allow":["GET"]}}],"collection":[{"href":"https:\/\/krisfix.de\/en\/wp-json\/wp\/v2\/pages"}],"about":[{"href":"https:\/\/krisfix.de\/en\/wp-json\/wp\/v2\/types\/page"}],"author":[{"embeddable":true,"href":"https:\/\/krisfix.de\/en\/wp-json\/wp\/v2\/users\/1"}],"replies":[{"embeddable":true,"href":"https:\/\/krisfix.de\/en\/wp-json\/wp\/v2\/comments?post=88"}],"version-history":[{"count":38,"href":"https:\/\/krisfix.de\/en\/wp-json\/wp\/v2\/pages\/88\/revisions"}],"predecessor-version":[{"id":4516,"href":"https:\/\/krisfix.de\/en\/wp-json\/wp\/v2\/pages\/88\/revisions\/4516"}],"wp:attachment":[{"href":"https:\/\/krisfix.de\/en\/wp-json\/wp\/v2\/media?parent=88"}],"curies":[{"name":"wp","href":"https:\/\/api.w.org\/{rel}","templated":true}]}}