{"id":3541,"date":"2021-08-21T12:17:06","date_gmt":"2021-08-21T11:17:06","guid":{"rendered":"https:\/\/krisfix.de\/?page_id=3541"},"modified":"2024-10-13T21:31:14","modified_gmt":"2024-10-13T20:31:14","slug":"vereinbarung-uber-pfandrecht-und-verwertung","status":"publish","type":"page","link":"https:\/\/krisfix.de\/en\/vereinbarung-uber-pfandrecht-und-verwertung\/","title":{"rendered":"Vereinbarung \u00fcber Pfandrecht und Verwertung"},"content":{"rendered":"<div class=\"vc_row wpb_row vc_row-fluid\"><div class=\"wpb_column vc_column_container vc_col-sm-12\"><div class=\"vc_column-inner\"><div class=\"wpb_wrapper\"><div class=\"vc_separator wpb_content_element vc_separator_align_center vc_sep_width_100 vc_sep_pos_align_center vc_separator_no_text vc_sep_color_white\" ><span class=\"vc_sep_holder vc_sep_holder_l\"><span  class=\"vc_sep_line\"><\/span><\/span><span class=\"vc_sep_holder vc_sep_holder_r\"><span  class=\"vc_sep_line\"><\/span><\/span>\n<\/div>\n\t<div class=\"wpb_text_column wpb_content_element\" >\n\t\t<div class=\"wpb_wrapper\">\n\t\t\t<h3 style=\"text-align: center;\"><b>Vereinbarung \u00fcber Pfandrecht und Verwertung\u00a0<\/b><span style=\"font-weight: 400;\">\u00a0<\/span><\/h3>\n<p style=\"text-align: center;\"><strong>Todor Nikolov, Zum Liebeneck 8, 91171 Greding<\/strong><\/p>\n<p><span style=\"font-weight: 400;\">Stand: 21.08.2021\u00a0<\/span><\/p>\n<ol>\n<li style=\"font-weight: 400;\" aria-level=\"1\"><span style=\"font-weight: 400;\">Der Auftraggeber erkl\u00e4rt, dass er Eigent\u00fcmer des eingesendeten Ger\u00e4tes ist.<\/span><\/li>\n<li style=\"font-weight: 400;\" aria-level=\"1\"><span style=\"font-weight: 400;\">Der Auftraggeber r\u00e4umt dem Auftragnehmer eine rechtsgesch\u00e4ftliches Pfandrecht an dem eingesandten Ger\u00e4t ein.<\/span><\/li>\n<li style=\"font-weight: 400;\" aria-level=\"1\"><span style=\"font-weight: 400;\">Kommt der Auftraggeber in Zahlungsverzug, so ist der Auftragnehmer berechtigt, das Ger\u00e4t selbst ohne Einschaltung \u00f6ffentlich bestellter Personen zu verwerten.<\/span><\/li>\n<li style=\"font-weight: 400;\" aria-level=\"1\"><span style=\"font-weight: 400;\">Der Auftragnehmer ist berechtigt, das Ger\u00e4t zu einem markt\u00fcblichen Preis anzubieten oder mit einem Startpreis von 1,&#8211; \u20ac zu versteigern.<\/span><\/li>\n<li style=\"font-weight: 400;\" aria-level=\"1\"><span style=\"font-weight: 400;\">Der Auftragnehmer ist berechtigt, den Verwertungserl\u00f6s in H\u00f6he seiner offenen Forderungen zuz\u00fcglich von Versandkosten und einer Bearbeitungsgeb\u00fchr in H\u00f6he von 50,00 \u20ac einzubehalten.<\/span><\/li>\n<li style=\"font-weight: 400;\" aria-level=\"1\"><span style=\"font-weight: 400;\">Der Auftragnehmer ist verpflichtet, einen verbleibenden Restbetrag an den Auftraggeber auszuzahlen.<\/span><\/li>\n<\/ol>\n\n\t\t<\/div>\n\t<\/div>\n<\/div><\/div><\/div><\/div>","protected":false},"excerpt":{"rendered":"Vereinbarung \u00fcber Pfandrecht und Verwertung\u00a0\u00a0 Todor Nikolov, Zum Liebeneck 8, 91171 Greding Stand: 21.08.2021\u00a0 Der Auftraggeber erkl\u00e4rt, dass er Eigent\u00fcmer des eingesendeten Ger\u00e4tes ist. Der Auftraggeber r\u00e4umt dem Auftragnehmer eine rechtsgesch\u00e4ftliches Pfandrecht an dem eingesandten Ger\u00e4t ein. Kommt der Auftraggeber in Zahlungsverzug, so ist der Auftragnehmer berechtigt, das Ger\u00e4t selbst ohne Einschaltung \u00f6ffentlich bestellter Personen [...]","protected":false},"author":1,"featured_media":0,"parent":0,"menu_order":0,"comment_status":"closed","ping_status":"closed","template":"","meta":{"footnotes":""},"class_list":["post-3541","page","type-page","status-publish","hentry"],"yoast_head":"<!-- This site is optimized with the Yoast SEO plugin v27.4 - https:\/\/yoast.com\/product\/yoast-seo-wordpress\/ -->\n<title>Vereinbarung \u00fcber Pfandrecht und Verwertung - Krisfix<\/title>\n<meta name=\"description\" content=\"Vereinbarung \u00fcber Pfandrecht und Verwertung\" \/>\n<meta name=\"robots\" content=\"index, follow, max-snippet:-1, max-image-preview:large, max-video-preview:-1\" \/>\n<link rel=\"canonical\" href=\"https:\/\/krisfix.de\/en\/vereinbarung-uber-pfandrecht-und-verwertung\/\" \/>\n<meta property=\"og:locale\" content=\"en_US\" \/>\n<meta property=\"og:type\" content=\"article\" \/>\n<meta property=\"og:title\" content=\"Vereinbarung \u00fcber Pfandrecht und Verwertung - Krisfix\" \/>\n<meta property=\"og:description\" content=\"Vereinbarung \u00fcber Pfandrecht und Verwertung\" \/>\n<meta property=\"og:url\" content=\"https:\/\/krisfix.de\/en\/vereinbarung-uber-pfandrecht-und-verwertung\/\" \/>\n<meta property=\"og:site_name\" content=\"Krisfix\" \/>\n<meta property=\"article:publisher\" content=\"https:\/\/www.facebook.com\/krisfix.de\" \/>\n<meta property=\"article:modified_time\" content=\"2024-10-13T20:31:14+00:00\" \/>\n<meta name=\"twitter:card\" content=\"summary_large_image\" \/>\n<meta name=\"twitter:site\" content=\"@krisfixde\" \/>\n<meta name=\"twitter:label1\" content=\"Est. reading time\" \/>\n\t<meta name=\"twitter:data1\" content=\"1 minute\" \/>\n<script type=\"application\/ld+json\" class=\"yoast-schema-graph\">{\"@context\":\"https:\\\/\\\/schema.org\",\"@graph\":[{\"@type\":\"WebPage\",\"@id\":\"https:\\\/\\\/krisfix.de\\\/vereinbarung-uber-pfandrecht-und-verwertung\\\/\",\"url\":\"https:\\\/\\\/krisfix.de\\\/vereinbarung-uber-pfandrecht-und-verwertung\\\/\",\"name\":\"Vereinbarung \u00fcber Pfandrecht und Verwertung - Krisfix\",\"isPartOf\":{\"@id\":\"https:\\\/\\\/krisfix.de\\\/#website\"},\"datePublished\":\"2021-08-21T11:17:06+00:00\",\"dateModified\":\"2024-10-13T20:31:14+00:00\",\"description\":\"Vereinbarung \u00fcber Pfandrecht und Verwertung\",\"breadcrumb\":{\"@id\":\"https:\\\/\\\/krisfix.de\\\/vereinbarung-uber-pfandrecht-und-verwertung\\\/#breadcrumb\"},\"inLanguage\":\"en-US\",\"potentialAction\":[{\"@type\":\"ReadAction\",\"target\":[\"https:\\\/\\\/krisfix.de\\\/vereinbarung-uber-pfandrecht-und-verwertung\\\/\"]}]},{\"@type\":\"BreadcrumbList\",\"@id\":\"https:\\\/\\\/krisfix.de\\\/vereinbarung-uber-pfandrecht-und-verwertung\\\/#breadcrumb\",\"itemListElement\":[{\"@type\":\"ListItem\",\"position\":1,\"name\":\"Home\",\"item\":\"https:\\\/\\\/krisfix.de\\\/\"},{\"@type\":\"ListItem\",\"position\":2,\"name\":\"Vereinbarung \u00fcber Pfandrecht und Verwertung\"}]},{\"@type\":\"WebSite\",\"@id\":\"https:\\\/\\\/krisfix.de\\\/#website\",\"url\":\"https:\\\/\\\/krisfix.de\\\/\",\"name\":\"Krisfix\",\"description\":\"Computer Reparatur\",\"potentialAction\":[{\"@type\":\"SearchAction\",\"target\":{\"@type\":\"EntryPoint\",\"urlTemplate\":\"https:\\\/\\\/krisfix.de\\\/?s={search_term_string}\"},\"query-input\":{\"@type\":\"PropertyValueSpecification\",\"valueRequired\":true,\"valueName\":\"search_term_string\"}}],\"inLanguage\":\"en-US\"}]}<\/script>\n<!-- \/ Yoast SEO plugin. -->","yoast_head_json":{"title":"Vereinbarung \u00fcber Pfandrecht und Verwertung - Krisfix","description":"Vereinbarung \u00fcber Pfandrecht und Verwertung","robots":{"index":"index","follow":"follow","max-snippet":"max-snippet:-1","max-image-preview":"max-image-preview:large","max-video-preview":"max-video-preview:-1"},"canonical":"https:\/\/krisfix.de\/en\/vereinbarung-uber-pfandrecht-und-verwertung\/","og_locale":"en_US","og_type":"article","og_title":"Vereinbarung \u00fcber Pfandrecht und Verwertung - Krisfix","og_description":"Vereinbarung \u00fcber Pfandrecht und Verwertung","og_url":"https:\/\/krisfix.de\/en\/vereinbarung-uber-pfandrecht-und-verwertung\/","og_site_name":"Krisfix","article_publisher":"https:\/\/www.facebook.com\/krisfix.de","article_modified_time":"2024-10-13T20:31:14+00:00","twitter_card":"summary_large_image","twitter_site":"@krisfixde","twitter_misc":{"Est. reading time":"1 minute"},"schema":{"@context":"https:\/\/schema.org","@graph":[{"@type":"WebPage","@id":"https:\/\/krisfix.de\/vereinbarung-uber-pfandrecht-und-verwertung\/","url":"https:\/\/krisfix.de\/vereinbarung-uber-pfandrecht-und-verwertung\/","name":"Vereinbarung \u00fcber Pfandrecht und Verwertung - Krisfix","isPartOf":{"@id":"https:\/\/krisfix.de\/#website"},"datePublished":"2021-08-21T11:17:06+00:00","dateModified":"2024-10-13T20:31:14+00:00","description":"Vereinbarung \u00fcber Pfandrecht und Verwertung","breadcrumb":{"@id":"https:\/\/krisfix.de\/vereinbarung-uber-pfandrecht-und-verwertung\/#breadcrumb"},"inLanguage":"en-US","potentialAction":[{"@type":"ReadAction","target":["https:\/\/krisfix.de\/vereinbarung-uber-pfandrecht-und-verwertung\/"]}]},{"@type":"BreadcrumbList","@id":"https:\/\/krisfix.de\/vereinbarung-uber-pfandrecht-und-verwertung\/#breadcrumb","itemListElement":[{"@type":"ListItem","position":1,"name":"Home","item":"https:\/\/krisfix.de\/"},{"@type":"ListItem","position":2,"name":"Vereinbarung \u00fcber Pfandrecht und Verwertung"}]},{"@type":"WebSite","@id":"https:\/\/krisfix.de\/#website","url":"https:\/\/krisfix.de\/","name":"Krisfix","description":"Computer Reparatur","potentialAction":[{"@type":"SearchAction","target":{"@type":"EntryPoint","urlTemplate":"https:\/\/krisfix.de\/?s={search_term_string}"},"query-input":{"@type":"PropertyValueSpecification","valueRequired":true,"valueName":"search_term_string"}}],"inLanguage":"en-US"}]}},"_links":{"self":[{"href":"https:\/\/krisfix.de\/en\/wp-json\/wp\/v2\/pages\/3541","targetHints":{"allow":["GET"]}}],"collection":[{"href":"https:\/\/krisfix.de\/en\/wp-json\/wp\/v2\/pages"}],"about":[{"href":"https:\/\/krisfix.de\/en\/wp-json\/wp\/v2\/types\/page"}],"author":[{"embeddable":true,"href":"https:\/\/krisfix.de\/en\/wp-json\/wp\/v2\/users\/1"}],"replies":[{"embeddable":true,"href":"https:\/\/krisfix.de\/en\/wp-json\/wp\/v2\/comments?post=3541"}],"version-history":[{"count":7,"href":"https:\/\/krisfix.de\/en\/wp-json\/wp\/v2\/pages\/3541\/revisions"}],"predecessor-version":[{"id":4358,"href":"https:\/\/krisfix.de\/en\/wp-json\/wp\/v2\/pages\/3541\/revisions\/4358"}],"wp:attachment":[{"href":"https:\/\/krisfix.de\/en\/wp-json\/wp\/v2\/media?parent=3541"}],"curies":[{"name":"wp","href":"https:\/\/api.w.org\/{rel}","templated":true}]}}