{"id":3291,"date":"2021-07-21T13:51:26","date_gmt":"2021-07-21T12:51:26","guid":{"rendered":"https:\/\/krisfix.de\/?page_id=3291"},"modified":"2026-02-26T13:32:40","modified_gmt":"2026-02-26T12:32:40","slug":"preise","status":"publish","type":"page","link":"https:\/\/krisfix.de\/en\/preise\/","title":{"rendered":"Prices"},"content":{"rendered":"<div class=\"vc_row wpb_row vc_row-fluid\"><div class=\"wpb_column vc_column_container vc_col-sm-12\"><div class=\"vc_column-inner vc_custom_1728769070858\"><div class=\"wpb_wrapper\">\n\t<div class=\"wpb_text_column wpb_content_element\" >\n\t\t<div class=\"wpb_wrapper\">\n\t\t\t<h3 style=\"text-align: center;\">Select device to display prices<\/h3>\n\n\t\t<\/div>\n\t<\/div>\n<\/div><\/div><\/div><\/div><div class=\"vc_row wpb_row vc_row-fluid\"><div class=\"wpb_column vc_column_container vc_col-sm-12\"><div class=\"vc_column-inner\"><div class=\"wpb_wrapper\"><div class=\"vc_btn3-container vc_btn3-center\" ><a class=\"vc_general vc_btn3 vc_btn3-size-lg vc_btn3-shape-rounded vc_btn3-style-modern vc_btn3-block vc_btn3-icon-left vc_btn3-color-primary\" href=\"https:\/\/portal.krisfix.de\/\" title=\"Create a Repair order now\"><i class=\"vc_btn3-icon fas fa-tools\"><\/i> Create a Repair order now<\/a><\/div>\t\t<div>\n\t\t\n\t\t  <ul class=\"nav nav-pills services-nav-pills services-nav-pills--border\"> \n\t                       <li class=\"\">\n\t                    <a data-toggle=\"pill\" href=\"#taxonomy_Laptop_&_PCLaptop&PC\u2193\">\n\t                        <i class=\"icon-repair-1\"><\/i>\n\t                        <div>\n\t                            <span class=\"title\">Laptop & PC \u2193<\/span>\n\t                            <span class=\"sub-title\">Select<\/span>\n\t                        <\/div>\n\t                    <\/a>\n\t                    <div class=\"tab-dropdown\">\n<div class=\"tab-dropdown-col\"><ul><li><a data-toggle=\"pill\" href=\"#taxonomy_Laptop_&_PCLaptop&PC\u2193\">Laptop & PC<\/a><\/li><\/ul> <\/div>\t<\/div>\n\t<\/li>\n\t                       <li class=\"\">\n\t                    <a data-toggle=\"pill\" href=\"#taxonomy_Nvidia_GeForceGPU\u2193\">\n\t                        <i class=\"icon-repair-1\"><\/i>\n\t                        <div>\n\t                            <span class=\"title\">GPU \u2193<\/span>\n\t                            <span class=\"sub-title\">Select<\/span>\n\t                        <\/div>\n\t                    <\/a>\n\t                    <div class=\"tab-dropdown\">\n<div class=\"tab-dropdown-col\"><ul><li><a data-toggle=\"pill\" href=\"#taxonomy_Nvidia_GeForceGPU\u2193\">Nvidia GeForce<\/a><\/li><li><a data-toggle=\"pill\" href=\"#taxonomy_\u041caintenance_PackageGPU\u2193\">\u041caintenance Package<\/a><\/li><\/ul> <\/div>\t<\/div>\n\t<\/li><\/ul><div class=\"tab-content prices-tab-content\"><div id=\"taxonomy_Laptop_&_PCLaptop&PC\u2193\" class=\"tab-pane fade in active\"><div class=\"table-wrapper\"><h4 style=\"text-align: center; color: #76b900;\"><strong>Laptop & PC<\/strong><\/h4>\r\n<strong>\u2713<\/strong> Diagnostic fee: \u20ac59.90 including VAT.<br>\r\n<strong>\u2713<\/strong> Standard processing: between 5 and 20 working days<br>\r\n<strong>\u2713<\/strong> Express processing: 1 and 5 working days - 49.90 euros incl. VAT (a non-refundable fee).<br>\r\n\r\n\r\n<hr \/>\r\n\r\n<table class=\"table price-table2\">\r\n<tbody>\r\n\r\n<tr>\r\n<td><strong>Services:<\/strong>\r\n<p style=\"padding-left: 5px;\"><em>\r\n- Cleaning<\/br>\r\n- Virus and malware removal<\/br>\r\n- Operating system installation<\/br>\r\n- Battery replacement<\/br>\r\n- Display\/screen replacement<\/br>\r\n- Keyboard replacement<\/br>\r\n- RAM or SSD upgrade\/replacement<\/br>\r\n- Motherboard replacement<\/br>\r\n- Cooler replacement<\/br>\r\n- Fan replacement<\/br>\r\n- Thermal paste  - Phase Change Pad Honeywell PTM7950<\/br>\r\n- Thermal pads - Fehonda Premium Performance 12.8W\/mk\r\n<\/em><\/p>\r\n<\/td>\r\n<\/tr>\r\n<\/tbody>\r\n<\/table>\r\n\r\n<hr \/>\r\n<p style=\"padding-left: 5px;\"><em>\r\n*Please note that your device must first be diagnosed so that we can make you a repair offer.\r\n<\/em><\/p><\/div><\/div><div id=\"taxonomy_Nvidia_GeForceGPU\u2193\" class=\"tab-pane fade\"><div class=\"table-wrapper\"><h4 style=\"text-align: center; color: #76b900;\"><strong>Nvidia GeForce<\/strong><\/h4>\r\n<strong>\u2713<\/strong> Diagnostic fee: \u20ac59.90 including VAT.<\/br>\r\n<strong>\u2713<\/strong> Standard processing: between 5 and 20 working days<\/br>\r\n<strong>\u2713<\/strong> Express processing: 1 and 5 working days - 49.90 euros incl. VAT (a non-refundable fee).\r\n\r\n<hr \/>\r\n\r\n<table class=\"table price-table2\">\r\n<tbody>\r\n<tr>\r\n<td><strong>Nvidia GeForce RTX 50-Serie:<\/strong>\r\n<p style=\"padding-left: 5px;\"><em>\r\n- Nvidia RTX 5090<\/br>\r\n- Nvidia RTX 5080<\/br>\r\n- Nvidia RTX 5070<\/br>\r\n- Nvidia RTX 5060\r\n<\/em><\/p>\r\n<\/td>\r\n<td><strong>from 159,90\u20ac<\/strong><\/td>\r\n<\/tr>\r\n<tr>\r\n<td><strong>Nvidia GeForce RTX 40-Serie:<\/strong>\r\n<p style=\"padding-left: 5px;\"><em>\r\n- Nvidia RTX 4090<\/br>\r\n- Nvidia RTX 4080<\/br>\r\n- Nvidia RTX 4070<\/br>\r\n- Nvidia RTX 4060\r\n<\/em><\/p>\r\n<\/td>\r\n<td><strong>from 139,90\u20ac<\/strong><\/td>\r\n<\/tr>\r\n\r\n\r\n\r\n<tr>\r\n<td><strong>Nvidia GeForce RTX 30-Serie:<\/strong>\r\n<p style=\"padding-left: 5px;\"><em>\r\n- Nvidia RTX 3090 Ti<\/br>\r\n- Nvidia RTX 3090<\/br>\r\n- Nvidia RTX 3080 Ti<\/br>\r\n- Nvidia RTX 3080\r\n<\/em><\/p>\r\n<\/td>\r\n<td><strong>from 109,90\u20ac<\/strong><\/td>\r\n<\/tr>\r\n\r\n<tr>\r\n<td><strong>Quadro RTX x000 series:<\/strong>\r\n<p style=\"padding-left: 5px;\"\r\n><em>\r\n- Quadro RTX 4000<\/br>\r\n- Quadro RTX 5000<\/br>\r\n- Quadro RTX 6000<\/br>\r\n- Quadro RTX 8000\r\n<\/em>\r\n<\/p>\r\n<\/td>\r\n<td><strong>from 159,90\u20ac<\/strong><\/td>\r\n<\/tr>\r\n\r\n<tr>\r\n<td><strong>RTX Ax000 series:<\/strong>\r\n<p style=\"padding-left: 5px;\"\r\n><em>\r\n- RTX A5000<\/br>\r\n- RTX A5500<\/br>\r\n- RTX A6000\r\n<\/em>\r\n<\/p>\r\n<\/td>\r\n<td><strong>from 159,90\u20ac<\/strong><\/td>\r\n<\/tr>\r\n\r\n<tr>\r\n<td><strong>RTX Ax000 series:<\/strong>\r\n<p style=\"padding-left: 5px;\"\r\n><em>\r\n- RTX A1000<\/br>\r\n- RTX A2000<\/br>\r\n- RTX A4000<\/br>\r\n- RTX A4500\r\n<\/em>\r\n<\/p>\r\n<\/td>\r\n<td><strong>from 159,90\u20ac<\/strong><\/td>\r\n<\/tr>\r\n\r\n<tr>\r\n<td><strong>RTX Ada Generation:<\/strong>\r\n<p style=\"padding-left: 5px;\"\r\n><em>\r\n- RTX 2000 Ada Generation<\/br>\r\n- RTX 4000SFF Ada Generation<\/br>\r\n- RTX 4000 Ada Generation<\/br>\r\n- RTX 4500 Ada Generation\r\n<\/em>\r\n<\/p>\r\n<\/td>\r\n<td><strong>from 159,90\u20ac<\/strong><\/td>\r\n<\/tr>\r\n\r\n<tr>\r\n<td><strong>RTX Ada Generation:<\/strong>\r\n<p style=\"padding-left: 5px;\"\r\n><em>\r\n- RTX 5000 Ada Generation<\/br>\r\n- RTX 5880 Ada Generation<\/br>\r\n- RTX 6000 Ada Generation\r\n<\/em>\r\n<\/p>\r\n<\/td>\r\n<td><strong>from 159,90\u20ac<\/strong><\/td>\r\n<\/tr>\r\n\r\n<tr>\r\n<td><strong>Data Center GPUs:<\/strong>\r\n<p style=\"padding-left: 5px;\"\r\n><em>\r\n- A2 GPU accelerator (Ampere)<\/br>\r\n- A10 GPU accelerator (Ampere)<\/br>\r\n- A16 GPU accelerator (Ampere)<\/br>\r\n- A30 GPU accelerator (Ampere)<\/br>\r\n- A40 GPU accelerator (Ampere)<\/br>\r\n- A100 GPU accelerator (Ampere)<\/br>\r\n- L4 GPU accelerator (Ada Lovelace)<\/br>\r\n- L40 GPU accelerator (Ada Lovelace)\r\n<\/em>\r\n<\/p>\r\n<\/td>\r\n<td><strong>from 159,90\u20ac<\/strong><\/td>\r\n<\/tr>\r\n\r\n<tr>\r\n<td><strong>Data Center GPUs:<\/strong>\r\n<p style=\"padding-left: 5px;\"\r\n><em>\r\n- H100 GPU accelerator (Hopper)<\/br>\r\n- H100 GPU accelerator - SXM card (Hopper)\r\n<\/em>\r\n<\/p>\r\n<\/td>\r\n<td><strong>from 159,90\u20ac<\/strong><\/td>\r\n<\/tr>\r\n\r\n<tr>\r\n<td><em>Materials and services:<\/em><\/td>\r\n<\/tr>\r\n<tr>\r\n<td><strong> - Thermal paste  - Phase Change Pad Honeywell PTM7950<\/strong><\/td>\r\n<\/tr>\r\n<tr>\r\n<td><strong> - Thermal pads - Fehonda Premium Performance 12.8W\/mk<\/strong><\/td>\r\n<\/tr>\r\n<tr>\r\n<td><strong> - Cooler replacement<\/strong><\/td>\r\n<\/tr>\r\n<tr>\r\n<td><strong> - Fan replacement<\/strong><\/td>\r\n<\/tr>\r\n<tr>\r\n<td><strong> - PCB replacement<\/strong><\/td>\r\n<\/tr>\r\n<tr>\r\n<td><strong> - HBM Memory Calibration<\/strong><\/td>\r\n<\/tr>\r\n<\/tbody>\r\n<\/table>\r\n\r\n<hr \/>\r\n<p style=\"padding-left: 5px;\"><em>\r\n*Please note that your device must first be diagnosed so that we can make you a repair offer.<\/br>\r\n!!! All prices are inclusive VAT\r\n<\/em><\/p><\/div><\/div><div id=\"taxonomy_\u041caintenance_PackageGPU\u2193\" class=\"tab-pane fade\"><div class=\"table-wrapper\"><table class=\"table price-table2\">\r\n<tbody>\r\n<tr>\r\n<td style=\"text-align: center;\"><strong>Maintenance Package includes:<\/strong>\r\n<ul>\r\n \t<li>Cooler cleaning<\/li>\r\n        <li>PCB Reinigung<\/li>\r\n \t<li>Thermal Pads - Fehonda Premium Performance 12.8W\/mk<\/li>\r\n \t<li>- Thermal paste  - Phase Change Pad Honeywell PTM7950<\/li>\r\n<\/ul>\r\n<\/td>\r\n<\/tr>\r\n<tr>\r\n<td style=\"text-align: center;\"><strong>from 50,00 Euro<\/strong><\/td>\r\n<\/tr>\r\n<tr>\r\n<td style=\"text-align: center;\">Prices are based on the quantity of thermal pads in a graphics card. Contact us with the exact model of the graphics card and we will tell you the price.\r\n<strong><a href=\"https:\/\/krisfix.de\/en\/kontakt\/\">Contact us<\/a><\/strong><\/td>\r\n<\/tr>\r\n<\/tbody>\r\n<\/table><\/div><\/div><\/div>\n\t\t \t\t\n\t\t\t\t\n\t\t\t\t<\/div>\n\t\t<div class=\"vc_separator wpb_content_element vc_separator_align_center vc_sep_width_100 vc_sep_pos_align_center vc_separator_no_text vc_sep_color_grey\" ><span class=\"vc_sep_holder vc_sep_holder_l\"><span  class=\"vc_sep_line\"><\/span><\/span><span class=\"vc_sep_holder vc_sep_holder_r\"><span  class=\"vc_sep_line\"><\/span><\/span>\n<\/div><div class=\"vc_btn3-container vc_btn3-center\" ><a class=\"vc_general vc_btn3 vc_btn3-size-lg vc_btn3-shape-rounded vc_btn3-style-modern vc_btn3-block vc_btn3-icon-left vc_btn3-color-primary\" href=\"https:\/\/portal.krisfix.de\/\" title=\"Create a Repair order now\"><i class=\"vc_btn3-icon fas fa-tools\"><\/i> Create a Repair order now<\/a><\/div><\/div><\/div><\/div><\/div><div class=\"vc_row wpb_row vc_row-fluid vc_custom_1727257251054\"><div class=\"wpb_column vc_column_container vc_col-sm-12\"><div class=\"vc_column-inner\"><div class=\"wpb_wrapper\"><div class=\"vc_btn3-container vc_btn3-center\" ><a class=\"vc_general vc_btn3 vc_btn3-size-lg vc_btn3-shape-rounded vc_btn3-style-modern vc_btn3-block vc_btn3-icon-left vc_btn3-color-success\" href=\"https:\/\/krisfix.de\/en\/#faq\" title=\"Visit FAQ section\"><i class=\"vc_btn3-icon fas fa-question-circle\"><\/i> Visit FAQ section<\/a><\/div><\/div><\/div><\/div><\/div>","protected":false},"excerpt":{"rendered":"Ger\u00e4t ausw\u00e4hlen, um Preise anzuzeigen Jetzt Reparaturauftrag erstellen Laptop & PC \u2193 Ausw\u00e4hlen Laptop & PC GPU \u2193 Ausw\u00e4hlen Nvidia GeForce\u041caintenance Package Laptop & PC \u2193 Ausw\u00e4hlen Laptop & PC GPU \u2193 Ausw\u00e4hlen Nvidia GeForce\u041caintenance Package Laptop & PC \u2713 Diagnosegeb\u00fchr 59,90 Euro inkl. MwSt. \u2713 Standart Bearbeitung: zwischen 5 und 20 Werktage \u2713 Express [...]","protected":false},"author":1,"featured_media":0,"parent":0,"menu_order":0,"comment_status":"closed","ping_status":"closed","template":"","meta":{"footnotes":""},"class_list":["post-3291","page","type-page","status-publish","hentry"],"yoast_head":"<!-- This site is optimized with the Yoast SEO plugin v27.4 - https:\/\/yoast.com\/product\/yoast-seo-wordpress\/ -->\n<title>Krisfix - Preise f\u00fcr Reparaturen<\/title>\n<meta name=\"description\" content=\"Erfahren Sie mehr \u00fcber unsere transparenten und fairen Preise f\u00fcr Reparaturen von Computerhardware. Wir bieten verschiedene Optionen an, um Ihre Ger\u00e4te kosteneffektiv zu reparieren. Holen Sie sich jetzt Ihr individuelles Preisangebot!\" \/>\n<meta name=\"robots\" content=\"index, follow, max-snippet:-1, max-image-preview:large, max-video-preview:-1\" \/>\n<link rel=\"canonical\" href=\"https:\/\/krisfix.de\/en\/preise\/\" \/>\n<meta property=\"og:locale\" content=\"en_US\" \/>\n<meta property=\"og:type\" content=\"article\" \/>\n<meta property=\"og:title\" content=\"Krisfix - Preise f\u00fcr Reparaturen\" \/>\n<meta property=\"og:description\" content=\"Erfahren Sie mehr \u00fcber unsere transparenten und fairen Preise f\u00fcr Reparaturen von Computerhardware. Wir bieten verschiedene Optionen an, um Ihre Ger\u00e4te kosteneffektiv zu reparieren. Holen Sie sich jetzt Ihr individuelles Preisangebot!\" \/>\n<meta property=\"og:url\" content=\"https:\/\/krisfix.de\/en\/preise\/\" \/>\n<meta property=\"og:site_name\" content=\"Krisfix\" \/>\n<meta property=\"article:publisher\" content=\"https:\/\/www.facebook.com\/krisfix.de\" \/>\n<meta property=\"article:modified_time\" content=\"2026-02-26T12:32:40+00:00\" \/>\n<meta name=\"twitter:card\" content=\"summary_large_image\" \/>\n<meta name=\"twitter:site\" content=\"@krisfixde\" \/>\n<meta name=\"twitter:label1\" content=\"Est. reading time\" \/>\n\t<meta name=\"twitter:data1\" content=\"1 minute\" \/>\n<script type=\"application\/ld+json\" class=\"yoast-schema-graph\">{\"@context\":\"https:\\\/\\\/schema.org\",\"@graph\":[{\"@type\":\"WebPage\",\"@id\":\"https:\\\/\\\/krisfix.de\\\/preise\\\/\",\"url\":\"https:\\\/\\\/krisfix.de\\\/preise\\\/\",\"name\":\"Krisfix - Preise f\u00fcr Reparaturen\",\"isPartOf\":{\"@id\":\"https:\\\/\\\/krisfix.de\\\/#website\"},\"datePublished\":\"2021-07-21T12:51:26+00:00\",\"dateModified\":\"2026-02-26T12:32:40+00:00\",\"description\":\"Erfahren Sie mehr \u00fcber unsere transparenten und fairen Preise f\u00fcr Reparaturen von Computerhardware. Wir bieten verschiedene Optionen an, um Ihre Ger\u00e4te kosteneffektiv zu reparieren. Holen Sie sich jetzt Ihr individuelles Preisangebot!\",\"breadcrumb\":{\"@id\":\"https:\\\/\\\/krisfix.de\\\/preise\\\/#breadcrumb\"},\"inLanguage\":\"en-US\",\"potentialAction\":[{\"@type\":\"ReadAction\",\"target\":[\"https:\\\/\\\/krisfix.de\\\/preise\\\/\"]}]},{\"@type\":\"BreadcrumbList\",\"@id\":\"https:\\\/\\\/krisfix.de\\\/preise\\\/#breadcrumb\",\"itemListElement\":[{\"@type\":\"ListItem\",\"position\":1,\"name\":\"Home\",\"item\":\"https:\\\/\\\/krisfix.de\\\/\"},{\"@type\":\"ListItem\",\"position\":2,\"name\":\"Preise\"}]},{\"@type\":\"WebSite\",\"@id\":\"https:\\\/\\\/krisfix.de\\\/#website\",\"url\":\"https:\\\/\\\/krisfix.de\\\/\",\"name\":\"Krisfix\",\"description\":\"Computer Reparatur\",\"potentialAction\":[{\"@type\":\"SearchAction\",\"target\":{\"@type\":\"EntryPoint\",\"urlTemplate\":\"https:\\\/\\\/krisfix.de\\\/?s={search_term_string}\"},\"query-input\":{\"@type\":\"PropertyValueSpecification\",\"valueRequired\":true,\"valueName\":\"search_term_string\"}}],\"inLanguage\":\"en-US\"}]}<\/script>\n<!-- \/ Yoast SEO plugin. -->","yoast_head_json":{"title":"Krisfix - Preise f\u00fcr Reparaturen","description":"Erfahren Sie mehr \u00fcber unsere transparenten und fairen Preise f\u00fcr Reparaturen von Computerhardware. Wir bieten verschiedene Optionen an, um Ihre Ger\u00e4te kosteneffektiv zu reparieren. Holen Sie sich jetzt Ihr individuelles Preisangebot!","robots":{"index":"index","follow":"follow","max-snippet":"max-snippet:-1","max-image-preview":"max-image-preview:large","max-video-preview":"max-video-preview:-1"},"canonical":"https:\/\/krisfix.de\/en\/preise\/","og_locale":"en_US","og_type":"article","og_title":"Krisfix - Preise f\u00fcr Reparaturen","og_description":"Erfahren Sie mehr \u00fcber unsere transparenten und fairen Preise f\u00fcr Reparaturen von Computerhardware. Wir bieten verschiedene Optionen an, um Ihre Ger\u00e4te kosteneffektiv zu reparieren. Holen Sie sich jetzt Ihr individuelles Preisangebot!","og_url":"https:\/\/krisfix.de\/en\/preise\/","og_site_name":"Krisfix","article_publisher":"https:\/\/www.facebook.com\/krisfix.de","article_modified_time":"2026-02-26T12:32:40+00:00","twitter_card":"summary_large_image","twitter_site":"@krisfixde","twitter_misc":{"Est. reading time":"1 minute"},"schema":{"@context":"https:\/\/schema.org","@graph":[{"@type":"WebPage","@id":"https:\/\/krisfix.de\/preise\/","url":"https:\/\/krisfix.de\/preise\/","name":"Krisfix - Preise f\u00fcr Reparaturen","isPartOf":{"@id":"https:\/\/krisfix.de\/#website"},"datePublished":"2021-07-21T12:51:26+00:00","dateModified":"2026-02-26T12:32:40+00:00","description":"Erfahren Sie mehr \u00fcber unsere transparenten und fairen Preise f\u00fcr Reparaturen von Computerhardware. Wir bieten verschiedene Optionen an, um Ihre Ger\u00e4te kosteneffektiv zu reparieren. Holen Sie sich jetzt Ihr individuelles Preisangebot!","breadcrumb":{"@id":"https:\/\/krisfix.de\/preise\/#breadcrumb"},"inLanguage":"en-US","potentialAction":[{"@type":"ReadAction","target":["https:\/\/krisfix.de\/preise\/"]}]},{"@type":"BreadcrumbList","@id":"https:\/\/krisfix.de\/preise\/#breadcrumb","itemListElement":[{"@type":"ListItem","position":1,"name":"Home","item":"https:\/\/krisfix.de\/"},{"@type":"ListItem","position":2,"name":"Preise"}]},{"@type":"WebSite","@id":"https:\/\/krisfix.de\/#website","url":"https:\/\/krisfix.de\/","name":"Krisfix","description":"Computer Reparatur","potentialAction":[{"@type":"SearchAction","target":{"@type":"EntryPoint","urlTemplate":"https:\/\/krisfix.de\/?s={search_term_string}"},"query-input":{"@type":"PropertyValueSpecification","valueRequired":true,"valueName":"search_term_string"}}],"inLanguage":"en-US"}]}},"_links":{"self":[{"href":"https:\/\/krisfix.de\/en\/wp-json\/wp\/v2\/pages\/3291","targetHints":{"allow":["GET"]}}],"collection":[{"href":"https:\/\/krisfix.de\/en\/wp-json\/wp\/v2\/pages"}],"about":[{"href":"https:\/\/krisfix.de\/en\/wp-json\/wp\/v2\/types\/page"}],"author":[{"embeddable":true,"href":"https:\/\/krisfix.de\/en\/wp-json\/wp\/v2\/users\/1"}],"replies":[{"embeddable":true,"href":"https:\/\/krisfix.de\/en\/wp-json\/wp\/v2\/comments?post=3291"}],"version-history":[{"count":285,"href":"https:\/\/krisfix.de\/en\/wp-json\/wp\/v2\/pages\/3291\/revisions"}],"predecessor-version":[{"id":4755,"href":"https:\/\/krisfix.de\/en\/wp-json\/wp\/v2\/pages\/3291\/revisions\/4755"}],"wp:attachment":[{"href":"https:\/\/krisfix.de\/en\/wp-json\/wp\/v2\/media?parent=3291"}],"curies":[{"name":"wp","href":"https:\/\/api.w.org\/{rel}","templated":true}]}}