{"id":3229,"date":"2021-03-16T15:33:53","date_gmt":"2021-03-16T14:33:53","guid":{"rendered":"https:\/\/krisfix.de\/?page_id=3229"},"modified":"2025-10-10T10:23:40","modified_gmt":"2025-10-10T09:23:40","slug":"widerrufsbelehrung","status":"publish","type":"page","link":"https:\/\/krisfix.de\/en\/widerrufsbelehrung\/","title":{"rendered":"Widerrufsbelehrung"},"content":{"rendered":"<div class=\"vc_row wpb_row vc_row-fluid\"><div class=\"wpb_column vc_column_container vc_col-sm-12\"><div class=\"vc_column-inner\"><div class=\"wpb_wrapper\">\n\t<div class=\"wpb_text_column wpb_content_element\" >\n\t\t<div class=\"wpb_wrapper\">\n\t\t\t<h3 style=\"text-align: center;\"><b>Widerrufsbelehrung\u00a0<\/b><\/h3>\n<p style=\"text-align: center;\"><span style=\"font-weight: 400;\"><strong>von KrisFix.de, Inhaber: Todor Nikolov, Wallbergstra\u00dfe 27, 95482 Gefrees<\/strong><\/span><\/p>\n<p style=\"text-align: left;\">Stand: 10.10.2025<\/p>\n<p><b>1 Widerrufsrecht\u00a0<\/b><\/p>\n<p><span style=\"font-weight: 400;\">F\u00fcr erteilte Reparaturauftr\u00e4ge steht Ihnen ein gesetzliches Widerrufsrecht zu. Um Ihr Widerrufsrecht auszu\u00fcben, m\u00fcssen Sie den Widerruf uns gegen\u00fcber erkl\u00e4ren. Aus Ihrer Erkl\u00e4rung muss eindeutig hervorgehen, dass Sie den Vertrag widerrufen wollen.\u00a0\u00a0<\/span><\/p>\n<p><span style=\"font-weight: 400;\">Die Widerrufsfrist beginnt mit Vertragsschluss. Zur Fristwahrung gen\u00fcgt die Absendung des Widerrufs vor Ablauf der Widerrufsfrist. Der Widerruf kann in jeder Form (z.B. Brief, E-Mail) erkl\u00e4rt werden. Sie k\u00f6nnen daf\u00fcr auch das beigef\u00fcgte Muster-Widerrufsformular verwenden, das jedoch nicht vorgeschrieben ist.\u00a0<\/span><\/p>\n<p><span style=\"font-weight: 400;\">Der Widerruf ist zu richten an:\u00a0<\/span><\/p>\n<p><span style=\"font-weight: 400;\">KrisFix, Inhaber: Todor Nikolov, Wallbergstra\u00dfe 27, 95482 Gefrees, E-Mail<\/span><span style=\"font-weight: 400;\">: service@krisfix.de<\/span><span style=\"font-weight: 400;\">\u00a0<\/span><\/p>\n<p><b>2 Folgen des Widerrufs\u00a0<\/b><\/p>\n<p><span style=\"font-weight: 400;\">Wenn Sie diesen Vertrag widerrufen, werden wir Ihnen alle Zahlungen, die wir von Ihnen erhalten haben, unverz\u00fcglich und sp\u00e4testens binnen vierzehn Tagen ab dem Tag zur\u00fcckzuzahlen, an dem Ihr Widerruf bei uns eingegangen ist. F\u00fcr diese R\u00fcckzahlung werden wir dasselbe Zahlungsmittel, das Sie bei der urspr\u00fcnglichen Zahlung eingesetzt haben, es sei denn, mit Ihnen wurde ausdr\u00fccklich etwas anderes vereinbart; in keinem Fall werden Ihnen wegen dieser R\u00fcckzahlung Entgelte berechnet.\u00a0<\/span><\/p>\n<p><span style=\"font-weight: 400;\">Widerrufen Sie einen Vertrag, so schulden Sie uns Wertersatz, wenn Sie ausdr\u00fccklich verlangt haben, dass wir mit unserer Dienstleistung vor Ablauf der Widerrufsfrist beginnen. Bei der Berechnung des Wertersatzes ist der vereinbarte Gesamtpreis zu Grunde zu legen. Ist der vereinbarte Gesamtpreis unverh\u00e4ltnism\u00e4\u00dfig hoch, ist der Wertersatz auf der Grundlage des Marktwerts der erbrachten Leistung zu berechnen.\u00a0<\/span><\/p>\n<p><b>3 Vorzeitiges Erl\u00f6schen des Widerrufsrechts\u00a0<\/b><\/p>\n<p><span style=\"font-weight: 400;\">Ihr Widerrufsrecht erlischt vorzeitig, wir unsere Dienstleistung vollst\u00e4ndig erbracht haben und mit der Ausf\u00fchrung erst begonnen haben, nachdem Sie dazu Ihre ausdr\u00fcckliche Zustimmung gegeben und gleichzeitig Ihre Kenntnis davon best\u00e4tigt haben, dass Ihr Widerrufsrecht bei vollst\u00e4ndiger Vertragserf\u00fcllung durch uns vorzeitig erlischt.\u00a0<\/span><\/p>\n<p><b>4 Widerrufsformular\u00a0<\/b><\/p>\n<p><span style=\"font-weight: 400;\">Wenn Sie den Vertrag widerrufen wollen, k\u00f6nnen Sie das das nachfolgende \u2013 nicht vorgeschriebene \u2013 Formular verwenden:\u00a0\u00a0<\/span><\/p>\n<p><b>Widerrufsformular<\/b><b>\u00a0<\/b><\/p>\n<p><span style=\"font-weight: 400;\">Hiermit widerrufe ich den von mir abgeschlossenen Vertrag \u00fcber\u00a0\u00a0<\/span><\/p>\n<p><span style=\"font-weight: 400;\">Vertragsschluss am: ______________________________\u00a0<\/span><\/p>\n<p><span style=\"font-weight: 400;\">Name des Verbrauchers: ______________________________\u00a0<\/span><\/p>\n<p><span style=\"font-weight: 400;\">Anschrift des Verbrauchers: ______________________________\u00a0<\/span><\/p>\n<p><span style=\"font-weight: 400;\">Datum: ______________________________\u00a0<\/span><\/p>\n<p><span style=\"font-weight: 400;\">_____________________________________\u00a0<\/span><\/p>\n<p><span style=\"font-weight: 400;\">Unterschrift des Verbrauchers<\/span><\/p>\n\n\t\t<\/div>\n\t<\/div>\n<\/div><\/div><\/div><\/div>","protected":false},"excerpt":{"rendered":"Widerrufsbelehrung\u00a0 von KrisFix.de, Inhaber: Todor Nikolov, Wallbergstra\u00dfe 27, 95482 Gefrees Stand: 10.10.2025 1 Widerrufsrecht\u00a0 F\u00fcr erteilte Reparaturauftr\u00e4ge steht Ihnen ein gesetzliches Widerrufsrecht zu. Um Ihr Widerrufsrecht auszu\u00fcben, m\u00fcssen Sie den Widerruf uns gegen\u00fcber erkl\u00e4ren. Aus Ihrer Erkl\u00e4rung muss eindeutig hervorgehen, dass Sie den Vertrag widerrufen wollen.\u00a0\u00a0 Die Widerrufsfrist beginnt mit Vertragsschluss. Zur Fristwahrung gen\u00fcgt die [...]","protected":false},"author":1,"featured_media":0,"parent":0,"menu_order":0,"comment_status":"closed","ping_status":"closed","template":"","meta":{"footnotes":""},"class_list":["post-3229","page","type-page","status-publish","hentry"],"yoast_head":"<!-- This site is optimized with the Yoast SEO plugin v27.4 - https:\/\/yoast.com\/product\/yoast-seo-wordpress\/ -->\n<title>Widerrufsbelehrung - Krisfix<\/title>\n<meta name=\"description\" content=\"Widerrufsbelehrung\" \/>\n<meta name=\"robots\" content=\"index, follow, max-snippet:-1, max-image-preview:large, max-video-preview:-1\" \/>\n<link rel=\"canonical\" href=\"https:\/\/krisfix.de\/en\/widerrufsbelehrung\/\" \/>\n<meta property=\"og:locale\" content=\"en_US\" \/>\n<meta property=\"og:type\" content=\"article\" \/>\n<meta property=\"og:title\" content=\"Widerrufsbelehrung - Krisfix\" \/>\n<meta property=\"og:description\" content=\"Widerrufsbelehrung\" \/>\n<meta property=\"og:url\" content=\"https:\/\/krisfix.de\/en\/widerrufsbelehrung\/\" \/>\n<meta property=\"og:site_name\" content=\"Krisfix\" \/>\n<meta property=\"article:publisher\" content=\"https:\/\/www.facebook.com\/krisfix.de\" \/>\n<meta property=\"article:modified_time\" content=\"2025-10-10T09:23:40+00:00\" \/>\n<meta name=\"twitter:card\" content=\"summary_large_image\" \/>\n<meta name=\"twitter:site\" content=\"@krisfixde\" \/>\n<meta name=\"twitter:label1\" content=\"Est. reading time\" \/>\n\t<meta name=\"twitter:data1\" content=\"2 minutes\" \/>\n<script type=\"application\/ld+json\" class=\"yoast-schema-graph\">{\"@context\":\"https:\\\/\\\/schema.org\",\"@graph\":[{\"@type\":\"WebPage\",\"@id\":\"https:\\\/\\\/krisfix.de\\\/widerrufsbelehrung\\\/\",\"url\":\"https:\\\/\\\/krisfix.de\\\/widerrufsbelehrung\\\/\",\"name\":\"Widerrufsbelehrung - Krisfix\",\"isPartOf\":{\"@id\":\"https:\\\/\\\/krisfix.de\\\/#website\"},\"datePublished\":\"2021-03-16T14:33:53+00:00\",\"dateModified\":\"2025-10-10T09:23:40+00:00\",\"description\":\"Widerrufsbelehrung\",\"breadcrumb\":{\"@id\":\"https:\\\/\\\/krisfix.de\\\/widerrufsbelehrung\\\/#breadcrumb\"},\"inLanguage\":\"en-US\",\"potentialAction\":[{\"@type\":\"ReadAction\",\"target\":[\"https:\\\/\\\/krisfix.de\\\/widerrufsbelehrung\\\/\"]}]},{\"@type\":\"BreadcrumbList\",\"@id\":\"https:\\\/\\\/krisfix.de\\\/widerrufsbelehrung\\\/#breadcrumb\",\"itemListElement\":[{\"@type\":\"ListItem\",\"position\":1,\"name\":\"Home\",\"item\":\"https:\\\/\\\/krisfix.de\\\/\"},{\"@type\":\"ListItem\",\"position\":2,\"name\":\"Widerrufsbelehrung\"}]},{\"@type\":\"WebSite\",\"@id\":\"https:\\\/\\\/krisfix.de\\\/#website\",\"url\":\"https:\\\/\\\/krisfix.de\\\/\",\"name\":\"Krisfix\",\"description\":\"Computer Reparatur\",\"potentialAction\":[{\"@type\":\"SearchAction\",\"target\":{\"@type\":\"EntryPoint\",\"urlTemplate\":\"https:\\\/\\\/krisfix.de\\\/?s={search_term_string}\"},\"query-input\":{\"@type\":\"PropertyValueSpecification\",\"valueRequired\":true,\"valueName\":\"search_term_string\"}}],\"inLanguage\":\"en-US\"}]}<\/script>\n<!-- \/ Yoast SEO plugin. -->","yoast_head_json":{"title":"Widerrufsbelehrung - Krisfix","description":"Widerrufsbelehrung","robots":{"index":"index","follow":"follow","max-snippet":"max-snippet:-1","max-image-preview":"max-image-preview:large","max-video-preview":"max-video-preview:-1"},"canonical":"https:\/\/krisfix.de\/en\/widerrufsbelehrung\/","og_locale":"en_US","og_type":"article","og_title":"Widerrufsbelehrung - Krisfix","og_description":"Widerrufsbelehrung","og_url":"https:\/\/krisfix.de\/en\/widerrufsbelehrung\/","og_site_name":"Krisfix","article_publisher":"https:\/\/www.facebook.com\/krisfix.de","article_modified_time":"2025-10-10T09:23:40+00:00","twitter_card":"summary_large_image","twitter_site":"@krisfixde","twitter_misc":{"Est. reading time":"2 minutes"},"schema":{"@context":"https:\/\/schema.org","@graph":[{"@type":"WebPage","@id":"https:\/\/krisfix.de\/widerrufsbelehrung\/","url":"https:\/\/krisfix.de\/widerrufsbelehrung\/","name":"Widerrufsbelehrung - Krisfix","isPartOf":{"@id":"https:\/\/krisfix.de\/#website"},"datePublished":"2021-03-16T14:33:53+00:00","dateModified":"2025-10-10T09:23:40+00:00","description":"Widerrufsbelehrung","breadcrumb":{"@id":"https:\/\/krisfix.de\/widerrufsbelehrung\/#breadcrumb"},"inLanguage":"en-US","potentialAction":[{"@type":"ReadAction","target":["https:\/\/krisfix.de\/widerrufsbelehrung\/"]}]},{"@type":"BreadcrumbList","@id":"https:\/\/krisfix.de\/widerrufsbelehrung\/#breadcrumb","itemListElement":[{"@type":"ListItem","position":1,"name":"Home","item":"https:\/\/krisfix.de\/"},{"@type":"ListItem","position":2,"name":"Widerrufsbelehrung"}]},{"@type":"WebSite","@id":"https:\/\/krisfix.de\/#website","url":"https:\/\/krisfix.de\/","name":"Krisfix","description":"Computer Reparatur","potentialAction":[{"@type":"SearchAction","target":{"@type":"EntryPoint","urlTemplate":"https:\/\/krisfix.de\/?s={search_term_string}"},"query-input":{"@type":"PropertyValueSpecification","valueRequired":true,"valueName":"search_term_string"}}],"inLanguage":"en-US"}]}},"_links":{"self":[{"href":"https:\/\/krisfix.de\/en\/wp-json\/wp\/v2\/pages\/3229","targetHints":{"allow":["GET"]}}],"collection":[{"href":"https:\/\/krisfix.de\/en\/wp-json\/wp\/v2\/pages"}],"about":[{"href":"https:\/\/krisfix.de\/en\/wp-json\/wp\/v2\/types\/page"}],"author":[{"embeddable":true,"href":"https:\/\/krisfix.de\/en\/wp-json\/wp\/v2\/users\/1"}],"replies":[{"embeddable":true,"href":"https:\/\/krisfix.de\/en\/wp-json\/wp\/v2\/comments?post=3229"}],"version-history":[{"count":13,"href":"https:\/\/krisfix.de\/en\/wp-json\/wp\/v2\/pages\/3229\/revisions"}],"predecessor-version":[{"id":4701,"href":"https:\/\/krisfix.de\/en\/wp-json\/wp\/v2\/pages\/3229\/revisions\/4701"}],"wp:attachment":[{"href":"https:\/\/krisfix.de\/en\/wp-json\/wp\/v2\/media?parent=3229"}],"curies":[{"name":"wp","href":"https:\/\/api.w.org\/{rel}","templated":true}]}}