{"id":3227,"date":"2021-03-16T15:28:29","date_gmt":"2021-03-16T14:28:29","guid":{"rendered":"https:\/\/krisfix.de\/?page_id=3227"},"modified":"2025-10-10T10:22:35","modified_gmt":"2025-10-10T09:22:35","slug":"agb","status":"publish","type":"page","link":"https:\/\/krisfix.de\/en\/agb\/","title":{"rendered":"AGB"},"content":{"rendered":"<div class=\"vc_row wpb_row vc_row-fluid\"><div class=\"wpb_column vc_column_container vc_col-sm-12\"><div class=\"vc_column-inner\"><div class=\"wpb_wrapper\">\n\t<div class=\"wpb_text_column wpb_content_element\" >\n\t\t<div class=\"wpb_wrapper\">\n\t\t\t<h3 style=\"text-align: center;\"><b>Allgemeine Gesch\u00e4ftsbedingungen\u00a0<\/b><span style=\"font-weight: 400;\">\u00a0<\/span><\/h3>\n<p style=\"text-align: center;\"><strong>Todor Nikolov, Wallbergstra\u00dfe 27, 95482 Gefrees<\/strong><\/p>\n<p><span style=\"font-weight: 400;\">Stand: 10.10.2025<\/span><\/p>\n<ol>\n<li><b> Anwendungsbereich\u00a0<\/b><\/li>\n<\/ol>\n<p><span style=\"font-weight: 400;\">1.1. Todor Nikolov (\u201eAuftragnehmer\u201c) bietet die Reparatur von Elektronikger\u00e4ten (\u201eGer\u00e4t\u201c) sowie Datenrettungen (\u201eReparatur\u201c) an. Diese AGB gelten f\u00fcr alle\u00a0 Reparaturleistungen des Auftragnehmers. AGB des Auftraggebers finden keine\u00a0 Anwendung, es sei denn, der Auftragnehmer stimmt deren Geltung ausdr\u00fccklich zu.\u00a0<\/span><\/p>\n<p><span style=\"font-weight: 400;\">1.2. Diese AGB gelten gegen\u00fcber Verbrauchern und Unternehmern. Individuelle Abreden zwischen den Vertragsparteien haben Vorrang vor diesen AGB.\u00a0<\/span><\/p>\n<ol start=\"2\">\n<li><b> Einsendung und Vertragsschluss\u00a0<\/b><\/li>\n<\/ol>\n<p><span style=\"font-weight: 400;\">2.1. Ein Reparaturauftrag kommt durch ein Angebot des Auftragnehmers und Annahme durch den Auftraggeber zustande.\u00a0<\/span><\/p>\n<p><span style=\"font-weight: 400;\">2.2. Um ein Angebot des Auftragnehmers zu erhalten, muss der Auftraggeber das Ger\u00e4t zusammen mit einem ausgef\u00fcllten Formular einsenden. In dem Formular m\u00fcssen Daten zur Person des Auftraggebers, zum Ger\u00e4t, der Entsperrcode und eine Fehler- bzw. Schadensbeschreibung enthalten sein. Die Einsendung erfolgt auf Kosten des Auftraggebers.\u00a0<\/span><\/p>\n<p><span style=\"font-weight: 400;\">2.3.\u00a0<\/span><span style=\"font-weight: 400;\">Der Auftragnehmer wird das Ger\u00e4t in der Regel innerhalb von\u00a01 bis 20 Werktagen diagnostizieren und dem Auftraggeber ein rechtsverbindliches Angebot f\u00fcr eine Reparatur per E-Mail \u00fcbersenden. Kann der Auftragnehmer innerhalb von\u00a01 bis 20 Werktagen kein Angebot erstellen, wird er den Auftraggeber kontaktieren und ihm den voraussichtlichen Termin f\u00fcr die \u00dcbersendung eines Angebots mitteilen. Der Auftraggeber kann in diesem Fall w\u00e4hlen, ob er auf das Angebot wartet, das Ger\u00e4t kostenfrei entsorgt oder gegen \u00dcbernahme der Versandkosten an ihn zur\u00fcckgesendet wird. Der Auftraggeber tr\u00e4gt keine Geb\u00fchr f\u00fcr die Diagnose.<\/span><\/p>\n<p><span style=\"font-weight: 400;\">2.4. Der angebotene Preis ist ein Festpreis und bezieht sich ausschlie\u00dflich auf die angebotene Reparatur. Stellen sich w\u00e4hrend der Reparatur weitere M\u00e4ngel heraus, welche der Auftraggeber reparieren lassen m\u00f6chte, wird der Auftragnehmer den zus\u00e4tzlichen Aufwand gesondert berechnen.\u00a0\u00a0<\/span><\/p>\n<p><span style=\"font-weight: 400;\">2.5. Der Auftraggeber kann das Angebot des Auftragnehmers per E-Mail annehmen oder ablehnen. \u00a0<\/span><\/p>\n<p><span style=\"font-weight: 400;\">2.6. Lehnt der Auftraggeber das Angebot ab, kann er zwischen einer kostenfreien Entsorgung oder einer R\u00fccksendung des Ger\u00e4ts gegen Zahlung einer Diagnosegeb\u00fchr in H\u00f6he von 59,90,&#8211; \u20ac inkl. MwSt. w\u00e4hlen. Versandkosten f\u00fcr die R\u00fccksendung sind in der Diagnosegeb\u00fchr enthalten. Das Ger\u00e4t wird in einem montierten Zustand an den Auftraggeber zur\u00fcckgesendet. Auf Wunsch des Auftraggebers werden nicht funktionsf\u00e4hige Teile, die bei der Diagnose ausgebaut wurden, zusammen mit dem Ger\u00e4t zur\u00fcckgesendet. Es ist wichtig, dass der Auftragnehmer dies sagt, wenn er das Angebot ablehnt. \u00c4u\u00dfert der Auftraggeber diesbez\u00fcglich keinen Wunsch, werden die ausgebauten Teile entsorgt.<\/span><\/p>\n<p><span style=\"font-weight: 400;\">2.7. Nimmt der Auftraggeber das Angebot an, beginnt der Auftragnehmer innerhalb von drei Werktagen nach Zugang der Annahmeerkl\u00e4rung mit der Reparatur. Nach Fertigstellung der Reparatur \u00fcbersendet der Auftragnehmer dem Auftraggeber eine Rechnung. Der Rechnungsbetrag ist innerhalb von vierzehn (14) Tagen zur Zahlung f\u00e4llig. Nach Zahlungseingang versendet der Auftragnehmer das Ger\u00e4t an den Auftraggeber. Versandkosten innerhalb Deutschlands tr\u00e4gt der Auftragnehmer. Versandkosten in das Ausland tr\u00e4gt der Auftraggeber.<\/span><\/p>\n<p><span style=\"font-weight: 400;\">2.8.\u00a0<\/span><span style=\"font-weight: 400;\">Stellt sich bei der Diagnose von Ger\u00e4ten, nach der Einsendung oder w\u00e4hrend der Reparatur heraus, dass eine Reparatur nicht m\u00f6glich ist, so wird das Ger\u00e4t in montiertem Zustand an den Auftraggeber zur\u00fcckgesendet. Der Auftraggeber ist in diesem Fall zur Zahlung einer Diagnosegeb\u00fchr in H\u00f6he von 59,90,&#8211; \u20ac inkl. MwSt. verpflichtet. Die Versandkosten tr\u00e4gt der Auftragnehmer, es sei denn, der Versand erfolgt in das Ausland. In diesem Fall tr\u00e4gt der Auftraggeber die Versandkosten f\u00fcr die R\u00fccksendung.<\/span><\/p>\n<p>2.9. Auftraggeber, die als Verbraucher handeln, haben grunds\u00e4tzlich ein gesetzliches 14-t\u00e4giges Widerrufsrecht. Das Widerrufsrecht kann vorzeitig erl\u00f6schen bzw. kann eine Pflicht des Auftraggebers zur Zahlung von Wertersatz f\u00fcr die bis zum Widerruf erbrachten Leistungen des Auftragnehmers bestehen. Grunds\u00e4tzlich beginnt der Auftragnehmer mit einer Reparatur vor Ablauf der 14-t\u00e4tigen Widerrufsfrist nur, wenn der Auftraggeber die sofortige Ausf\u00fchrung verlangt hat. N\u00e4here Informationen enth\u00e4lt die Widerrufsbelehrung des Auftragnehmers..<\/p>\n<ol start=\"3\">\n<li><b> Einsendung des Ger\u00e4ts\u00a0<\/b><\/li>\n<\/ol>\n<p><span style=\"font-weight: 400;\">3.1. Der Auftraggeber ist verpflichtet, auf dem Ger\u00e4t befindliche Daten vor der Einsendung zu sichern. Der Auftragnehmer weist den Auftraggeber darauf hin, dass es\u00a0 bei Reparaturen immer zu einem unbeabsichtigten Datenverlust kommen kann.\u00a0<\/span><\/p>\n<p><span style=\"font-weight: 400;\">3.2. Der Auftraggeber tr\u00e4gt das Risiko von Transportsch\u00e4den. Der Auftragnehmer wird die \u00d6ffnung des Pakets filmen, um etwaige Transportsch\u00e4den zu dokumentieren.\u00a0<\/span><\/p>\n<p><span style=\"font-weight: 400;\">3.3.\u00a0<\/span><span style=\"font-weight: 400;\">Die Ger\u00e4te m\u00fcssen ohne zus\u00e4tzliche Zubeh\u00f6r (wie z.B. SIM-Karte, Ladeger\u00e4t und etc.) gesendet werden. Falls der Auftraggeber etwas ben\u00f6tigt, wird er den Auftragnehmer nach Erteilung des Reparaturauftrags informieren.\u00a0<\/span><\/p>\n<ol start=\"4\">\n<li><b> Reparatur und Versand\u00a0<\/b><\/li>\n<\/ol>\n<p><span style=\"font-weight: 400;\">4.1. Die Reparatur wird innerhalb der im Angebot angegebenen Reparaturzeit am Sitz\u00a0 des Auftragnehmers durchgef\u00fchrt.<\/span><\/p>\n<p><span style=\"font-weight: 400;\">4.2. Die Reparaturzeit verl\u00e4ngert sich um einen angemessenen Zeitraum, wenn unerwartete Schwierigkeiten bei der Reparatur auftauchen oder weitere Reparaturma\u00dfnahmen beauftragt werden.\u00a0<\/span><\/p>\n<p><span style=\"font-weight: 400;\">4.3. Die Reparaturzeit verl\u00e4ngert sich um den Zeitraum, in dem der Auftragnehmer aufgrund h\u00f6herer Gewalt an der Leistungserbringung verhindert ist. Dauert die Verhinderung l\u00e4nger als zwei Wochen, so ist der Auftraggeber zur K\u00fcndigung des Vertrages berechtigt. In diesem Fall erh\u00e4lt der Auftragnehmer die anteilige Verg\u00fctung f\u00fcr die bis zur K\u00fcndigung erbrachten Leistungen.\u00a0<\/span><\/p>\n<p><span style=\"font-weight: 400;\">4.4. Das reparierte Ger\u00e4t wird auf dem Postweg an den Auftraggeber versandt. Die Gefahr des zuf\u00e4lligen Untergangs oder der zuf\u00e4lligen Verschlechterung geht auf den Auftraggeber \u00fcber, sobald Auftragnehmer das Ger\u00e4t an das Transportunternehmen ausgeliefert hat.\u00a0<\/span><\/p>\n<ol start=\"5\">\n<li><b> Abnahme\u00a0<\/b><\/li>\n<\/ol>\n<p><span style=\"font-weight: 400;\">5.1. Der Auftraggeber ist verpflichtet, das reparierte Ger\u00e4t abzunehmen. Eine Abnahme kann nicht nur ausdr\u00fccklich, sondern auch durch schl\u00fcssiges Verhalten des Auftraggebers erkl\u00e4rt werden. Ein schl\u00fcssiges Verhalten liegt insbesondere vor,\u00a0 wenn der Auftraggeber das Ger\u00e4t nach Erhalt nutzt.\u00a0<\/span><\/p>\n<p><span style=\"font-weight: 400;\">5.2. Als abgenommen gilt ein repariertes Ger\u00e4t auch, wenn der Auftragnehmer dem Auftraggeber nach \u00dcbersendung des Ger\u00e4ts eine angemessene Frist zur Abnahme\u00a0 gesetzt und der Auftraggeber die Abnahme nicht innerhalb dieser Frist unter Angabe mindestens eines Mangels verweigert hat. Ist der Auftraggeber ein Verbraucher, so treten die Rechtsfolgen des Satzes 1 nur dann ein, wenn der Auftragnehmer den Auftraggeber zusammen mit der Aufforderung zur Abnahme auf die Folgen einer nicht erkl\u00e4rten oder ohne Angabe von M\u00e4ngeln verweigerten Abnahme hingewiesen hat der Hinweis muss in Textform erfolgen.\u00a0<\/span><\/p>\n<p><span style=\"font-weight: 400;\">5.3. Wegen unwesentlicher M\u00e4ngel kann die Abnahme nicht verweigert werden. Nimmt der Auftraggeber ein mangelhaft repariertes Ger\u00e4te ab, obschon er den Mangel kennt, so stehen ihm M\u00e4ngelrechte nur zu, wenn er sich seine Rechte wegen des Mangels bei der Abnahme vorbeh\u00e4lt.\u00a0<\/span><\/p>\n<ol start=\"6\">\n<li><b> Rechte des Auftraggebers bei Reparaturm\u00e4ngeln\u00a0<\/b><\/li>\n<\/ol>\n<p><span style=\"font-weight: 400;\">6.1. Der Auftragnehmer f\u00fchrt die Reparatur nach eigenem Ermessen durch. Zu Dokumentationszwecken werden die Reparaturarbeiten mit einer Videokamera\u00a0<\/span><span style=\"font-weight: 400;\">aufgezeichnet und aus Beweisgr\u00fcnden bis zum Ablauf der gesetzlichen Gew\u00e4hrleistungsfrist gespeichert.\u00a0<\/span><\/p>\n<p><span style=\"font-weight: 400;\">6.2. Ist die Reparatur mangelhaft, so kann der Auftraggeber Nacherf\u00fcllung verlangen\u00a0 und \u2013 wenn diese fehlschl\u00e4gt \u2013 bei Vorliegen der gesetzlichen Voraussetzungen\u00a0<\/span><\/p>\n<p><span style=\"font-weight: 400;\">(a) den Mangel selbst beseitigen und Ersatz der erforderlichen Aufwendungen\u00a0 verlangen,\u00a0<\/span><\/p>\n<p><span style=\"font-weight: 400;\">(b) von dem Vertrag zur\u00fccktreten oder die Verg\u00fctung mindern und (c) Schadensersatz oder Ersatz vergeblicher Aufwendungen verlangen.\u00a0<\/span><\/p>\n<p><span style=\"font-weight: 400;\">6.3. Verlangt der Auftraggeber Nacherf\u00fcllung, so kann der Auftragnehmer nach seiner Wahl den Mangel beseitigen oder eine erneute Reparatur durchf\u00fchren. Der Auftragnehmer hat die zum Zwecke der Nacherf\u00fcllung erforderlichen Aufwendungen,\u00a0 insbesondere Transport-, Wege-, Arbeits- und Materialkosten zu tragen. Der Auftragnehmer kann die Nacherf\u00fcllung verweigern, wenn sie nur mit unverh\u00e4ltnism\u00e4\u00dfigen Kosten m\u00f6glich ist.\u00a0<\/span><\/p>\n<p>6.4.\u00a0<span style=\"font-weight: 400;\">Der Auftragnehmer wird die Nacherf\u00fcllung in der Regel innerhalb von f\u00fcnf bis f\u00fcnfzehn Werktagen durchf\u00fchren.<\/span><\/p>\n<p>6.5.\u00a0<span style=\"font-weight: 400;\">Macht der Auftraggeber M\u00e4ngel geltend und stellt sich nach einer Fehlersuche heraus, dass kein Mangel vorlag oder nicht durch den Auftraggeber verursacht worden ist, so ist der Auftraggeber zur Zahlung eine Diagnosegeb\u00fchr in H\u00f6he von 59,90,&#8211; \u20ac inkl. MwSt. verpflichtet. Entscheidet sich der Auftraggeber zu einer Reparatur, wird die Diagnosegeb\u00fchr auf die Verg\u00fctung f\u00fcr die Reparatur angerechnet.<\/span><\/p>\n<ol start=\"7\">\n<li><b> Vorzeitige K\u00fcndigung\u00a0<\/b><\/li>\n<\/ol>\n<p><span style=\"font-weight: 400;\">7.1. Der Auftraggeber kann bis zur Fertigstellung der Reparatur den Reparaturauftrag jederzeit k\u00fcndigen.\u00a0\u00a0<\/span><\/p>\n<p><span style=\"font-weight: 400;\">7.2. K\u00fcndigt der Auftraggeber vor Fertigstellung, so ist der Auftragnehmer berechtigt, die vereinbarte Verg\u00fctung abz\u00fcglich ersparter Aufwendungen zu verlangen. Zu den ersparten Aufwendungen geh\u00f6ren insbesondere die Kosten f\u00fcr nicht verbaute\u00a0 Ersatzteile, nicht jedoch die eingesparte Arbeitszeit.\u00a0<\/span><\/p>\n<ol start=\"8\">\n<li><b> Schlussbestimmungen\u00a0<\/b><\/li>\n<\/ol>\n<p><span style=\"font-weight: 400;\">8.1. F\u00fcr diese Allgemeinen Gesch\u00e4ftsbedingungen und alle Rechtsbeziehungen zwischen Auftragnehmer und dem Auftraggeber gilt das Recht der Bundesrepublik Deutschland unter Ausschluss aller internationalen und supranationalen (Vertrags-) Rechtsordnungen, insbesondere des UN-Kaufrechts.\u00a0<\/span><\/p>\n<p><span style=\"font-weight: 400;\">8.2. Gerichtsstand ist der Sitz des Auftragnehmers, soweit der Auftraggeber Kaufmann\u00a0 im Sinne des Handelsgesetzbuchs, juristische Person des \u00f6ffentlichen Rechts oder \u00f6ffentlich-rechtliches Sonderverm\u00f6gen ist.<\/span><\/p>\n\n\t\t<\/div>\n\t<\/div>\n<\/div><\/div><\/div><\/div><div class=\"vc_row wpb_row vc_row-fluid\"><div class=\"wpb_column vc_column_container vc_col-sm-12\"><div class=\"vc_column-inner\"><div class=\"wpb_wrapper\">\n\t<div class=\"wpb_text_column wpb_content_element\" >\n\t\t<div class=\"wpb_wrapper\">\n\t\t\t<p>\n[gzd_complaints]<\/p>\n\n\t\t<\/div>\n\t<\/div>\n<\/div><\/div><\/div><\/div>","protected":false},"excerpt":{"rendered":"Allgemeine Gesch\u00e4ftsbedingungen\u00a0\u00a0 Todor Nikolov, Wallbergstra\u00dfe 27, 95482 Gefrees Stand: 10.10.2025 Anwendungsbereich\u00a0 1.1. Todor Nikolov (\u201eAuftragnehmer\u201c) bietet die Reparatur von Elektronikger\u00e4ten (\u201eGer\u00e4t\u201c) sowie Datenrettungen (\u201eReparatur\u201c) an. Diese AGB gelten f\u00fcr alle\u00a0 Reparaturleistungen des Auftragnehmers. AGB des Auftraggebers finden keine\u00a0 Anwendung, es sei denn, der Auftragnehmer stimmt deren Geltung ausdr\u00fccklich zu.\u00a0 1.2. Diese AGB gelten gegen\u00fcber Verbrauchern [...]","protected":false},"author":1,"featured_media":0,"parent":0,"menu_order":0,"comment_status":"closed","ping_status":"closed","template":"","meta":{"footnotes":""},"class_list":["post-3227","page","type-page","status-publish","hentry"],"yoast_head":"<!-- This site is optimized with the Yoast SEO plugin v27.4 - https:\/\/yoast.com\/product\/yoast-seo-wordpress\/ -->\n<title>AGB - Krisfix<\/title>\n<meta name=\"description\" content=\"Allgemeine Gesch\u00e4ftsbedingungen\" \/>\n<meta name=\"robots\" content=\"index, follow, max-snippet:-1, max-image-preview:large, max-video-preview:-1\" \/>\n<link rel=\"canonical\" href=\"https:\/\/krisfix.de\/en\/agb\/\" \/>\n<meta property=\"og:locale\" content=\"en_US\" \/>\n<meta property=\"og:type\" content=\"article\" \/>\n<meta property=\"og:title\" content=\"AGB - Krisfix\" \/>\n<meta property=\"og:description\" content=\"Allgemeine Gesch\u00e4ftsbedingungen\" \/>\n<meta property=\"og:url\" content=\"https:\/\/krisfix.de\/en\/agb\/\" \/>\n<meta property=\"og:site_name\" content=\"Krisfix\" \/>\n<meta property=\"article:publisher\" content=\"https:\/\/www.facebook.com\/krisfix.de\" \/>\n<meta property=\"article:modified_time\" content=\"2025-10-10T09:22:35+00:00\" \/>\n<meta name=\"twitter:card\" content=\"summary_large_image\" \/>\n<meta name=\"twitter:site\" content=\"@krisfixde\" \/>\n<meta name=\"twitter:label1\" content=\"Est. reading time\" \/>\n\t<meta name=\"twitter:data1\" content=\"6 minutes\" \/>\n<script type=\"application\/ld+json\" class=\"yoast-schema-graph\">{\"@context\":\"https:\\\/\\\/schema.org\",\"@graph\":[{\"@type\":\"WebPage\",\"@id\":\"https:\\\/\\\/krisfix.de\\\/agb\\\/\",\"url\":\"https:\\\/\\\/krisfix.de\\\/agb\\\/\",\"name\":\"AGB - Krisfix\",\"isPartOf\":{\"@id\":\"https:\\\/\\\/krisfix.de\\\/#website\"},\"datePublished\":\"2021-03-16T14:28:29+00:00\",\"dateModified\":\"2025-10-10T09:22:35+00:00\",\"description\":\"Allgemeine Gesch\u00e4ftsbedingungen\",\"breadcrumb\":{\"@id\":\"https:\\\/\\\/krisfix.de\\\/agb\\\/#breadcrumb\"},\"inLanguage\":\"en-US\",\"potentialAction\":[{\"@type\":\"ReadAction\",\"target\":[\"https:\\\/\\\/krisfix.de\\\/agb\\\/\"]}]},{\"@type\":\"BreadcrumbList\",\"@id\":\"https:\\\/\\\/krisfix.de\\\/agb\\\/#breadcrumb\",\"itemListElement\":[{\"@type\":\"ListItem\",\"position\":1,\"name\":\"Home\",\"item\":\"https:\\\/\\\/krisfix.de\\\/\"},{\"@type\":\"ListItem\",\"position\":2,\"name\":\"AGB\"}]},{\"@type\":\"WebSite\",\"@id\":\"https:\\\/\\\/krisfix.de\\\/#website\",\"url\":\"https:\\\/\\\/krisfix.de\\\/\",\"name\":\"Krisfix\",\"description\":\"Computer Reparatur\",\"potentialAction\":[{\"@type\":\"SearchAction\",\"target\":{\"@type\":\"EntryPoint\",\"urlTemplate\":\"https:\\\/\\\/krisfix.de\\\/?s={search_term_string}\"},\"query-input\":{\"@type\":\"PropertyValueSpecification\",\"valueRequired\":true,\"valueName\":\"search_term_string\"}}],\"inLanguage\":\"en-US\"}]}<\/script>\n<!-- \/ Yoast SEO plugin. -->","yoast_head_json":{"title":"AGB - Krisfix","description":"Allgemeine Gesch\u00e4ftsbedingungen","robots":{"index":"index","follow":"follow","max-snippet":"max-snippet:-1","max-image-preview":"max-image-preview:large","max-video-preview":"max-video-preview:-1"},"canonical":"https:\/\/krisfix.de\/en\/agb\/","og_locale":"en_US","og_type":"article","og_title":"AGB - Krisfix","og_description":"Allgemeine Gesch\u00e4ftsbedingungen","og_url":"https:\/\/krisfix.de\/en\/agb\/","og_site_name":"Krisfix","article_publisher":"https:\/\/www.facebook.com\/krisfix.de","article_modified_time":"2025-10-10T09:22:35+00:00","twitter_card":"summary_large_image","twitter_site":"@krisfixde","twitter_misc":{"Est. reading time":"6 minutes"},"schema":{"@context":"https:\/\/schema.org","@graph":[{"@type":"WebPage","@id":"https:\/\/krisfix.de\/agb\/","url":"https:\/\/krisfix.de\/agb\/","name":"AGB - Krisfix","isPartOf":{"@id":"https:\/\/krisfix.de\/#website"},"datePublished":"2021-03-16T14:28:29+00:00","dateModified":"2025-10-10T09:22:35+00:00","description":"Allgemeine Gesch\u00e4ftsbedingungen","breadcrumb":{"@id":"https:\/\/krisfix.de\/agb\/#breadcrumb"},"inLanguage":"en-US","potentialAction":[{"@type":"ReadAction","target":["https:\/\/krisfix.de\/agb\/"]}]},{"@type":"BreadcrumbList","@id":"https:\/\/krisfix.de\/agb\/#breadcrumb","itemListElement":[{"@type":"ListItem","position":1,"name":"Home","item":"https:\/\/krisfix.de\/"},{"@type":"ListItem","position":2,"name":"AGB"}]},{"@type":"WebSite","@id":"https:\/\/krisfix.de\/#website","url":"https:\/\/krisfix.de\/","name":"Krisfix","description":"Computer Reparatur","potentialAction":[{"@type":"SearchAction","target":{"@type":"EntryPoint","urlTemplate":"https:\/\/krisfix.de\/?s={search_term_string}"},"query-input":{"@type":"PropertyValueSpecification","valueRequired":true,"valueName":"search_term_string"}}],"inLanguage":"en-US"}]}},"_links":{"self":[{"href":"https:\/\/krisfix.de\/en\/wp-json\/wp\/v2\/pages\/3227","targetHints":{"allow":["GET"]}}],"collection":[{"href":"https:\/\/krisfix.de\/en\/wp-json\/wp\/v2\/pages"}],"about":[{"href":"https:\/\/krisfix.de\/en\/wp-json\/wp\/v2\/types\/page"}],"author":[{"embeddable":true,"href":"https:\/\/krisfix.de\/en\/wp-json\/wp\/v2\/users\/1"}],"replies":[{"embeddable":true,"href":"https:\/\/krisfix.de\/en\/wp-json\/wp\/v2\/comments?post=3227"}],"version-history":[{"count":21,"href":"https:\/\/krisfix.de\/en\/wp-json\/wp\/v2\/pages\/3227\/revisions"}],"predecessor-version":[{"id":4699,"href":"https:\/\/krisfix.de\/en\/wp-json\/wp\/v2\/pages\/3227\/revisions\/4699"}],"wp:attachment":[{"href":"https:\/\/krisfix.de\/en\/wp-json\/wp\/v2\/media?parent=3227"}],"curies":[{"name":"wp","href":"https:\/\/api.w.org\/{rel}","templated":true}]}}