{"id":1160,"date":"2017-03-16T01:55:09","date_gmt":"2017-03-16T01:55:09","guid":{"rendered":"http:\/\/smartdata.tonytemplates.com\/computer-repair\/?page_id=2"},"modified":"2025-06-03T20:33:44","modified_gmt":"2025-06-03T19:33:44","slug":"datenrettung","status":"publish","type":"page","link":"https:\/\/krisfix.de\/en\/datenrettung\/","title":{"rendered":"Data Recovery"},"content":{"rendered":"<div class=\"vc_row wpb_row vc_row-fluid\"><div class=\"wpb_column vc_column_container vc_col-sm-12\"><div class=\"vc_column-inner\"><div class=\"wpb_wrapper\">\n\t<div class=\"wpb_text_column wpb_content_element\" >\n\t\t<div class=\"wpb_wrapper\">\n\t\t\t<h3 style=\"text-align: center;\"><span style=\"font-weight: 400;\"><strong><span class=\"color\">You have lost your data?<\/span><\/strong> <\/span><\/h3>\n<h3 style=\"text-align: center;\"><span style=\"font-weight: 400;\">Don't worry, we can help you!<\/span><\/h3>\n\n\t\t<\/div>\n\t<\/div>\n<\/div><\/div><\/div><div class=\"wpb_column vc_column_container vc_col-sm-2\/5\"><div class=\"vc_column-inner\"><div class=\"wpb_wrapper\">\n\t<div  class=\"wpb_single_image wpb_content_element vc_align_left\">\n\t\t\n\t\t<figure class=\"wpb_wrapper vc_figure\">\n\t\t\t<div class=\"vc_single_image-wrapper   vc_box_border_grey\"><img loading=\"lazy\" decoding=\"async\" width=\"640\" height=\"426\" src=\"https:\/\/krisfix.de\/wp-content\/uploads\/2021\/02\/pexels-tima-miroshnichenko-6755093.jpg\" class=\"vc_single_image-img attachment-full\" alt=\"\" srcset=\"https:\/\/krisfix.de\/wp-content\/uploads\/2021\/02\/pexels-tima-miroshnichenko-6755093.jpg 640w, https:\/\/krisfix.de\/wp-content\/uploads\/2021\/02\/pexels-tima-miroshnichenko-6755093-300x200.jpg 300w, https:\/\/krisfix.de\/wp-content\/uploads\/2021\/02\/pexels-tima-miroshnichenko-6755093-236x157.jpg 236w, https:\/\/krisfix.de\/wp-content\/uploads\/2021\/02\/pexels-tima-miroshnichenko-6755093-600x399.jpg 600w\" sizes=\"auto, (max-width: 640px) 100vw, 640px\" \/><\/div>\n\t\t<\/figure>\n\t<\/div>\n<\/div><\/div><\/div><div class=\"wpb_column vc_column_container vc_col-sm-3\/5\"><div class=\"vc_column-inner\"><div class=\"wpb_wrapper\">\n\t<div class=\"wpb_text_column wpb_content_element\" >\n\t\t<div class=\"wpb_wrapper\">\n\t\t\t<p><span style=\"font-weight: 400;\">The only solution to recover your data is to restore the device's function.<\/span><\/p>\n<p><span style=\"font-weight: 400;\">On phones produced by Apple or Samsung, your personal data is crypted and stored in a memory chip (NAND) that is soldered to the motherboard. This chip cannot be removed to read your data from it.<\/span><\/p>\n<p><span style=\"font-weight: 400;\">The only way to ensure access to your data is to effectively restore its functionality from the motherboard so that it decrypts all the data located on the NAND memory.<\/span><\/p>\n<p><span style=\"font-weight: 400;\">Our task is to perform a detailed diagnosis so that we can identify what the problem actually is. Only after that we will fix the discovered defect by means of microsoldering. Thus, we are able to recover your data.<\/span><\/p>\n\n\t\t<\/div>\n\t<\/div>\n<\/div><\/div><\/div><\/div><div class=\"vc_row wpb_row vc_row-fluid\"><div class=\"wpb_column vc_column_container vc_col-sm-2\/5\"><div class=\"vc_column-inner\"><div class=\"wpb_wrapper\">\n\t<div  class=\"wpb_single_image wpb_content_element vc_align_left\">\n\t\t\n\t\t<figure class=\"wpb_wrapper vc_figure\">\n\t\t\t<div class=\"vc_single_image-wrapper   vc_box_border_grey\"><img loading=\"lazy\" decoding=\"async\" width=\"640\" height=\"426\" src=\"https:\/\/krisfix.de\/wp-content\/uploads\/2021\/02\/pexels-tima-miroshnichenko-6755135.jpg\" class=\"vc_single_image-img attachment-full\" alt=\"\" srcset=\"https:\/\/krisfix.de\/wp-content\/uploads\/2021\/02\/pexels-tima-miroshnichenko-6755135.jpg 640w, https:\/\/krisfix.de\/wp-content\/uploads\/2021\/02\/pexels-tima-miroshnichenko-6755135-300x200.jpg 300w, https:\/\/krisfix.de\/wp-content\/uploads\/2021\/02\/pexels-tima-miroshnichenko-6755135-236x157.jpg 236w, https:\/\/krisfix.de\/wp-content\/uploads\/2021\/02\/pexels-tima-miroshnichenko-6755135-600x399.jpg 600w\" sizes=\"auto, (max-width: 640px) 100vw, 640px\" \/><\/div>\n\t\t<\/figure>\n\t<\/div>\n<\/div><\/div><\/div><div class=\"wpb_column vc_column_container vc_col-sm-3\/5\"><div class=\"vc_column-inner\"><div class=\"wpb_wrapper\">\n\t<div class=\"wpb_text_column wpb_content_element\" >\n\t\t<div class=\"wpb_wrapper\">\n\t\t\t<p><span style=\"font-weight: 400;\">After the device can be switched on again, a backup is created. After that we analyze this backup for you to provide the needed data (pictures, videos, notes, contacts and SMS's) for you on a flash memory.<\/span><\/p>\n<p><span style=\"font-weight: 400;\">For old Android models, the data is not crypted, which means that we have the possibility to pull it directly from the memory-chip. After the described process is completed, you will get your device back. Depending on the treated defect, it cannot be completely ruled out that it could perform its functions, partially or fully, again.<\/span><\/p>\n<p><strong><span class=\"color\">Step 1<\/span><\/strong><\/p>\n<p><span style=\"font-weight: 400;\">Erstellen Sie eine Anfrage, in der Sie die Ursachen f\u00fcr das Problem nennen. Versuchen Sie, uns so ausf\u00fchrliche Informationen wie m\u00f6glich, mitzuteilen, damit Sie uns bei der Lokalisierung des Defekts helfen. Wir werden uns so schnell wie m\u00f6glich bei Ihnen melden.<\/span><\/p>\n\n\t\t<\/div>\n\t<\/div>\n<\/div><\/div><\/div><\/div><div class=\"vc_row wpb_row vc_row-fluid\"><div class=\"wpb_column vc_column_container vc_col-sm-2\/5\"><div class=\"vc_column-inner\"><div class=\"wpb_wrapper\">\n\t<div  class=\"wpb_single_image wpb_content_element vc_align_left\">\n\t\t\n\t\t<figure class=\"wpb_wrapper vc_figure\">\n\t\t\t<div class=\"vc_single_image-wrapper   vc_box_border_grey\"><img loading=\"lazy\" decoding=\"async\" width=\"640\" height=\"426\" src=\"https:\/\/krisfix.de\/wp-content\/uploads\/2021\/02\/pexels-tima-miroshnichenko-6754853.jpg\" class=\"vc_single_image-img attachment-full\" alt=\"\" srcset=\"https:\/\/krisfix.de\/wp-content\/uploads\/2021\/02\/pexels-tima-miroshnichenko-6754853.jpg 640w, https:\/\/krisfix.de\/wp-content\/uploads\/2021\/02\/pexels-tima-miroshnichenko-6754853-300x200.jpg 300w, https:\/\/krisfix.de\/wp-content\/uploads\/2021\/02\/pexels-tima-miroshnichenko-6754853-236x157.jpg 236w, https:\/\/krisfix.de\/wp-content\/uploads\/2021\/02\/pexels-tima-miroshnichenko-6754853-600x399.jpg 600w\" sizes=\"auto, (max-width: 640px) 100vw, 640px\" \/><\/div>\n\t\t<\/figure>\n\t<\/div>\n<\/div><\/div><\/div><div class=\"wpb_column vc_column_container vc_col-sm-3\/5\"><div class=\"vc_column-inner\"><div class=\"wpb_wrapper\">\n\t<div class=\"wpb_text_column wpb_content_element\" >\n\t\t<div class=\"wpb_wrapper\">\n\t\t\t<p><strong><span class=\"color\">Step 2\u00a0<\/span><\/strong><\/p>\n<p><span style=\"font-weight: 400;\">Go to our <a href=\"\/en\/geraet-einsenden\/\"><span class=\"color\">MAIL-IN repair page<\/span><\/a> and follow the instructions.<\/span><\/p>\n<p><strong><span class=\"color\">Step 3<\/span><\/strong><\/p>\n<p><span style=\"font-weight: 400;\">Wait for our feedback. After your data is finally and successfully recovered, you will receive an email from us containing all the required information and the corresponding invoice. You can pay the invoice by bank transfer. After receiving your payment, the device, along with the flash memory, will be sent back to you.<\/span><\/p>\n\n\t\t<\/div>\n\t<\/div>\n<\/div><\/div><\/div><\/div><div class=\"vc_row wpb_row vc_row-fluid\"><div class=\"wpb_column vc_column_container vc_col-sm-8\"><div class=\"vc_column-inner\"><div class=\"wpb_wrapper\">\n\t<div class=\"wpb_text_column wpb_content_element\" >\n\t\t<div class=\"wpb_wrapper\">\n\t\t\t<p><span style=\"font-weight: 400;\">We know that your data is very important to you and we want to help you as soon as possible. Also, we treat your device as if it is our own.<\/span><\/p>\n<p><strong><span class=\"color\">Standard Data Recovery<\/span><\/strong><\/p>\n<p><span style=\"font-weight: 400;\">From 99,00\u20ac incl. VAT(no recovered data - no fee)<\/span><span style=\"font-weight: 400;\">)<\/span><\/p>\n<p><strong><span class=\"color\">Express Data Recovery<\/span><\/strong><\/p>\n<p><span style=\"font-weight: 400;\">In addition to the fixed price, there is also a non-refundable fee in the amount of 149.00\u20ac incl. VAT.<\/span><\/p>\n<p><span style=\"font-weight: 400;\">Your request will be processed immediately.<\/span><\/p>\n<p><strong><span class=\"color\">All prices include:<\/span><\/strong><\/p>\n<p><span style=\"font-weight: 400;\">- extracting the data<\/span><\/p>\n<p><span style=\"font-weight: 400;\">- one memory stick (64 GB)<br \/>\n*Memory in other sizes are offered at an additional cost.<\/span><\/p>\n<p><span style=\"font-weight: 400;\">- the costs for the return shipment<\/span><\/p>\n<hr \/>\n<p><span style=\"font-weight: 400;\">We perform the iCloud backup only after an individual request.<\/span><\/p>\n<hr \/>\n\n\t\t<\/div>\n\t<\/div>\n\n\t<div class=\"wpb_text_column wpb_content_element\" >\n\t\t<div class=\"wpb_wrapper\">\n\t\t\t<p><strong><span class=\"color\">If the repair is rejected, you have the following options:<\/span><\/strong><\/p>\n<p><span style=\"font-weight: 400;\">1.) Dispose of device free of charge.<\/span><\/p>\n<p><span style=\"font-weight: 400;\">Return device for diagnostic fee incl. free return shipping (within Germany) in the amount of 79.90 euros incl. VAT.<\/span><\/p>\n\n\t\t<\/div>\n\t<\/div>\n<\/div><\/div><\/div><div class=\"wpb_column vc_column_container vc_col-sm-4\"><div class=\"vc_column-inner\"><div class=\"wpb_wrapper\">\n\t<div  class=\"wpb_single_image wpb_content_element vc_align_left\">\n\t\t\n\t\t<figure class=\"wpb_wrapper vc_figure\">\n\t\t\t<div class=\"vc_single_image-wrapper   vc_box_border_grey\"><img loading=\"lazy\" decoding=\"async\" class=\"vc_single_image-img\" src=\"https:\/\/krisfix.de\/wp-content\/uploads\/2018\/06\/img-index-02-370x370.jpg\" width=\"370\" height=\"370\" alt=\"img-index-02\" title=\"img-index-02\" \/><\/div>\n\t\t<\/figure>\n\t<\/div>\n<\/div><\/div><\/div><\/div><div class=\"vc_row wpb_row vc_row-fluid\"><div class=\"wpb_column vc_column_container vc_col-sm-12\"><div class=\"vc_column-inner\"><div class=\"wpb_wrapper\">\r\n                                  <a href=\"https:\/\/krisfix.de\/en\/geraet-einsenden\/\"   class=\"btn\" rel=\"\"  >   \r\n            Send your device now        <\/a>\r\n        \r\n                                  <a href=\"https:\/\/krisfix.de\/en\/kontakt\/\"   class=\"btn\" rel=\"\"  >   \r\n            Contact us        <\/a>\r\n        <\/div><\/div><\/div><\/div>","protected":false},"excerpt":{"rendered":"Sie haben Ihre Daten verloren? Keine Angst, wir k\u00f6nnen Ihnen helfen! Der einzige L\u00f6sung um Ihre Daten retten zu k\u00f6nnen, ist die Funktion des Ger\u00e4ts wiederherzustellen. Bei Handys, die von Apple oder Samsung produziert sind, werden Ihre pers\u00f6nliche Daten in einem Memory-Chip (NAND) kryptiert und gespeichert, der an der Hauptplatine festgel\u00f6tet ist. Dieser Chip l\u00e4sst [...]","protected":false},"author":1,"featured_media":0,"parent":0,"menu_order":0,"comment_status":"closed","ping_status":"open","template":"","meta":{"footnotes":""},"class_list":["post-1160","page","type-page","status-publish","hentry"],"yoast_head":"<!-- This site is optimized with the Yoast SEO plugin v27.5 - https:\/\/yoast.com\/product\/yoast-seo-wordpress\/ -->\n<title>Datenrettung - Krisfix<\/title>\n<meta name=\"description\" content=\"Sie haben Ihre Daten verloren? Keine Angst, wir k\u00f6nnen Ihnen weiter helfen! Keine wiederhergestellten Daten \u2013 keine Zahlung!\" \/>\n<meta name=\"robots\" content=\"index, follow, max-snippet:-1, max-image-preview:large, max-video-preview:-1\" \/>\n<link rel=\"canonical\" href=\"https:\/\/krisfix.de\/en\/datenrettung\/\" \/>\n<meta property=\"og:locale\" content=\"en_US\" \/>\n<meta property=\"og:type\" content=\"article\" \/>\n<meta property=\"og:title\" content=\"Datenrettung - Krisfix\" \/>\n<meta property=\"og:description\" content=\"Sie haben Ihre Daten verloren? Keine Angst, wir k\u00f6nnen Ihnen weiter helfen! Keine wiederhergestellten Daten \u2013 keine Zahlung!\" \/>\n<meta property=\"og:url\" content=\"https:\/\/krisfix.de\/en\/datenrettung\/\" \/>\n<meta property=\"og:site_name\" content=\"Krisfix\" \/>\n<meta property=\"article:publisher\" content=\"https:\/\/www.facebook.com\/krisfix.de\" \/>\n<meta property=\"article:modified_time\" content=\"2025-06-03T19:33:44+00:00\" \/>\n<meta name=\"twitter:card\" content=\"summary_large_image\" \/>\n<meta name=\"twitter:site\" content=\"@krisfixde\" \/>\n<meta name=\"twitter:label1\" content=\"Est. reading time\" \/>\n\t<meta name=\"twitter:data1\" content=\"3 minutes\" \/>\n<script type=\"application\/ld+json\" class=\"yoast-schema-graph\">{\"@context\":\"https:\\\/\\\/schema.org\",\"@graph\":[{\"@type\":\"WebPage\",\"@id\":\"https:\\\/\\\/krisfix.de\\\/datenrettung\\\/\",\"url\":\"https:\\\/\\\/krisfix.de\\\/datenrettung\\\/\",\"name\":\"Datenrettung - Krisfix\",\"isPartOf\":{\"@id\":\"https:\\\/\\\/krisfix.de\\\/#website\"},\"datePublished\":\"2017-03-16T01:55:09+00:00\",\"dateModified\":\"2025-06-03T19:33:44+00:00\",\"description\":\"Sie haben Ihre Daten verloren? Keine Angst, wir k\u00f6nnen Ihnen weiter helfen! Keine wiederhergestellten Daten \u2013 keine Zahlung!\",\"breadcrumb\":{\"@id\":\"https:\\\/\\\/krisfix.de\\\/datenrettung\\\/#breadcrumb\"},\"inLanguage\":\"en-US\",\"potentialAction\":[{\"@type\":\"ReadAction\",\"target\":[\"https:\\\/\\\/krisfix.de\\\/datenrettung\\\/\"]}]},{\"@type\":\"BreadcrumbList\",\"@id\":\"https:\\\/\\\/krisfix.de\\\/datenrettung\\\/#breadcrumb\",\"itemListElement\":[{\"@type\":\"ListItem\",\"position\":1,\"name\":\"Home\",\"item\":\"https:\\\/\\\/krisfix.de\\\/\"},{\"@type\":\"ListItem\",\"position\":2,\"name\":\"Datenrettung\"}]},{\"@type\":\"WebSite\",\"@id\":\"https:\\\/\\\/krisfix.de\\\/#website\",\"url\":\"https:\\\/\\\/krisfix.de\\\/\",\"name\":\"Krisfix\",\"description\":\"Computer Reparatur\",\"potentialAction\":[{\"@type\":\"SearchAction\",\"target\":{\"@type\":\"EntryPoint\",\"urlTemplate\":\"https:\\\/\\\/krisfix.de\\\/?s={search_term_string}\"},\"query-input\":{\"@type\":\"PropertyValueSpecification\",\"valueRequired\":true,\"valueName\":\"search_term_string\"}}],\"inLanguage\":\"en-US\"}]}<\/script>\n<!-- \/ Yoast SEO plugin. -->","yoast_head_json":{"title":"Datenrettung - Krisfix","description":"Sie haben Ihre Daten verloren? Keine Angst, wir k\u00f6nnen Ihnen weiter helfen! Keine wiederhergestellten Daten \u2013 keine Zahlung!","robots":{"index":"index","follow":"follow","max-snippet":"max-snippet:-1","max-image-preview":"max-image-preview:large","max-video-preview":"max-video-preview:-1"},"canonical":"https:\/\/krisfix.de\/en\/datenrettung\/","og_locale":"en_US","og_type":"article","og_title":"Datenrettung - Krisfix","og_description":"Sie haben Ihre Daten verloren? Keine Angst, wir k\u00f6nnen Ihnen weiter helfen! Keine wiederhergestellten Daten \u2013 keine Zahlung!","og_url":"https:\/\/krisfix.de\/en\/datenrettung\/","og_site_name":"Krisfix","article_publisher":"https:\/\/www.facebook.com\/krisfix.de","article_modified_time":"2025-06-03T19:33:44+00:00","twitter_card":"summary_large_image","twitter_site":"@krisfixde","twitter_misc":{"Est. reading time":"3 minutes"},"schema":{"@context":"https:\/\/schema.org","@graph":[{"@type":"WebPage","@id":"https:\/\/krisfix.de\/datenrettung\/","url":"https:\/\/krisfix.de\/datenrettung\/","name":"Datenrettung - Krisfix","isPartOf":{"@id":"https:\/\/krisfix.de\/#website"},"datePublished":"2017-03-16T01:55:09+00:00","dateModified":"2025-06-03T19:33:44+00:00","description":"Sie haben Ihre Daten verloren? Keine Angst, wir k\u00f6nnen Ihnen weiter helfen! Keine wiederhergestellten Daten \u2013 keine Zahlung!","breadcrumb":{"@id":"https:\/\/krisfix.de\/datenrettung\/#breadcrumb"},"inLanguage":"en-US","potentialAction":[{"@type":"ReadAction","target":["https:\/\/krisfix.de\/datenrettung\/"]}]},{"@type":"BreadcrumbList","@id":"https:\/\/krisfix.de\/datenrettung\/#breadcrumb","itemListElement":[{"@type":"ListItem","position":1,"name":"Home","item":"https:\/\/krisfix.de\/"},{"@type":"ListItem","position":2,"name":"Datenrettung"}]},{"@type":"WebSite","@id":"https:\/\/krisfix.de\/#website","url":"https:\/\/krisfix.de\/","name":"Krisfix","description":"Computer Reparatur","potentialAction":[{"@type":"SearchAction","target":{"@type":"EntryPoint","urlTemplate":"https:\/\/krisfix.de\/?s={search_term_string}"},"query-input":{"@type":"PropertyValueSpecification","valueRequired":true,"valueName":"search_term_string"}}],"inLanguage":"en-US"}]}},"_links":{"self":[{"href":"https:\/\/krisfix.de\/en\/wp-json\/wp\/v2\/pages\/1160","targetHints":{"allow":["GET"]}}],"collection":[{"href":"https:\/\/krisfix.de\/en\/wp-json\/wp\/v2\/pages"}],"about":[{"href":"https:\/\/krisfix.de\/en\/wp-json\/wp\/v2\/types\/page"}],"author":[{"embeddable":true,"href":"https:\/\/krisfix.de\/en\/wp-json\/wp\/v2\/users\/1"}],"replies":[{"embeddable":true,"href":"https:\/\/krisfix.de\/en\/wp-json\/wp\/v2\/comments?post=1160"}],"version-history":[{"count":45,"href":"https:\/\/krisfix.de\/en\/wp-json\/wp\/v2\/pages\/1160\/revisions"}],"predecessor-version":[{"id":4657,"href":"https:\/\/krisfix.de\/en\/wp-json\/wp\/v2\/pages\/1160\/revisions\/4657"}],"wp:attachment":[{"href":"https:\/\/krisfix.de\/en\/wp-json\/wp\/v2\/media?parent=1160"}],"curies":[{"name":"wp","href":"https:\/\/api.w.org\/{rel}","templated":true}]}}